{"id":1025,"date":"2023-01-08T17:10:46","date_gmt":"2023-01-08T17:10:46","guid":{"rendered":"https:\/\/ambiglobal.com\/web\/?page_id=1025"},"modified":"2024-12-23T15:14:45","modified_gmt":"2024-12-23T15:14:45","slug":"proximos-cursos","status":"publish","type":"page","link":"https:\/\/ambiglobal.com\/web\/proximos-cursos\/","title":{"rendered":"Pr\u00f3ximos Cursos"},"content":{"rendered":"\n<div id=\"wp-block-themeisle-blocks-advanced-columns-a52af72a\" class=\"wp-block-themeisle-blocks-advanced-columns alignfull has-1-columns has-desktop-equal-layout has-tablet-equal-layout has-mobile-collapsedRows-layout has-reverse-columns-mobile has-vertical-center ticss-c00aadba\"><div class=\"wp-block-themeisle-blocks-advanced-columns-overlay\"><\/div><div class=\"innerblocks-wrap\">\n<div id=\"wp-block-themeisle-blocks-advanced-column-b86cbbe7\" class=\"wp-block-themeisle-blocks-advanced-column\">\n<div style=\"height:100px\" aria-hidden=\"true\" class=\"wp-block-spacer\"><\/div>\n\n\n\n<h1 id=\"wp-block-themeisle-blocks-advanced-heading-fdf70f59\" class=\"wp-block-themeisle-blocks-advanced-heading wp-block-themeisle-blocks-advanced-heading-fdf70f59\"><\/h1>\n\n\n\n<p id=\"wp-block-themeisle-blocks-advanced-heading-bd7dc117\" class=\"wp-block-themeisle-blocks-advanced-heading wp-block-themeisle-blocks-advanced-heading-bd7dc117\">Conhe\u00e7a a nossa oferta formativa<\/p>\n\n\n\n<div class=\"wp-block-buttons is-content-justification-center is-layout-flex wp-container-core-buttons-is-layout-16018d1d wp-block-buttons-is-layout-flex\"><\/div>\n\n\n\n<div style=\"height:100px\" aria-hidden=\"true\" class=\"wp-block-spacer\"><\/div>\n<\/div>\n<\/div><\/div>\n\n\n\n<p class=\"has-text-align-center\"><strong><mark style=\"background-color:rgba(0, 0, 0, 0)\" class=\"has-inline-color has-neve-link-color-color\">&#8220;Pensar sem aprender torna-nos caprichosos, e aprender sem pensar \u00e9 um desastre&#8221; (Conf\u00facio)<\/mark><\/strong><\/p>\n\n\n\n<div class=\"wp-block-columns is-layout-flex wp-container-core-columns-is-layout-9d6595d7 wp-block-columns-is-layout-flex\">\n<div class=\"wp-block-column is-layout-flow wp-block-column-is-layout-flow\">\n<p class=\"has-neve-link-hover-color-color has-text-color has-medium-font-size\"><strong>Forma\u00e7\u00e3o Pedag\u00f3gica Inicial de Formadores<\/strong><\/p>\n\n\n\n<p><\/p>\n\n\n\n<p class=\"has-text-align-left\">Quer ser formador (a)? Ainda n\u00e3o tem o CCP? Temos o curso de forma\u00e7\u00e3o de formadores ideal para si. A Forma\u00e7\u00e3o Pedag\u00f3gica Inicial de Formadores \u00e9 destinada a quem pretende obter o Certificado de Compet\u00eancias Pedag\u00f3gicas (CCP).<br>Torne-se um (a) formador (a) de excel\u00eancia com o nosso curso de Forma\u00e7\u00e3o de Formadores (as) e entre na nossa Bolsa de Formadores para rentabilizar o seu curso.<br>Curso reconhecido pelo IEFP &#8211; Instituto de Emprego e Forma\u00e7\u00e3o Profissional.<\/p>\n\n\n\n<p><strong>Fique a par da Pr\u00f3ximas Datas<\/strong><\/p>\n\n\n\n<p class=\"has-neve-link-hover-color-color has-text-color has-medium-font-size\"><strong>Braga: <\/strong><\/p>\n\n\n\n<p>27 de janeiro 2025 &#8211; B-learning, P\u00f3s laboral<\/p>\n\n\n\n<p><\/p>\n\n\n\n<p><\/p>\n<\/div>\n\n\n\n<div class=\"wp-block-column is-layout-flow wp-block-column-is-layout-flow\">\n<p class=\"has-nv-c-2-color has-text-color has-medium-font-size\"><strong>Suporte B\u00e1sico de Vida e Primeiros Socorros<\/strong><\/p>\n\n\n\n<p><\/p>\n\n\n\n<p>Sabia que somos uma entidade acreditada pelo INEM? Como entidade acreditada, desenvolvemos a\u00e7\u00f5es de Suporte B\u00e1sico de Vida (Adulto e Pedi\u00e1trico), assim como SBV com Desfibrilhador Autom\u00e1tico Externo seguindo a suas diretrizes. O desenvolvimento destas compet\u00eancias podem salvar uma vida em caso de acidente, perda de consci\u00eancia, paragem cardiorrespirat\u00f3ria. Aliamos esta forma\u00e7\u00e3o aos Primeiros Socorros, tornando a mesma mais rica.<\/p>\n\n\n\n<p><strong>Fique a par das Pr\u00f3ximas Datas &amp; Locais<\/strong><\/p>\n\n\n\n<p class=\"has-neve-link-hover-color-color has-text-color has-medium-font-size\"><strong>Braga<\/strong><\/p>\n\n\n\n<p>4 dezembro 2024 das 09:00 h \u00e0s 13:00 h (Primeiros Socorros das 14:00 h \u00e0s 18:00)<\/p>\n\n\n\n<p>12 de dezembro 2024 das 09.00 h \u00e0s 17:00 h SBV &#8211; DAE<\/p>\n\n\n\n<p><\/p>\n\n\n\n<p><\/p>\n\n\n\n<p class=\"has-nv-c-2-color has-text-color has-medium-font-size\"><strong>Cadima<\/strong><\/p>\n\n\n\n<p>A definir<\/p>\n<\/div>\n<\/div>\n\n\n\n<p class=\"has-nv-site-bg-color has-neve-link-hover-color-background-color has-text-color has-background has-medium-font-size\"><strong>Forma\u00e7\u00e3o + Digital <\/strong><\/p>\n\n\n\n<div class=\"wp-block-columns is-layout-flex wp-container-core-columns-is-layout-9d6595d7 wp-block-columns-is-layout-flex\">\n<div class=\"wp-block-column is-layout-flow wp-block-column-is-layout-flow\">\n<div class=\"wp-block-media-text is-stacked-on-mobile\"><figure class=\"wp-block-media-text__media\"><video controls src=\"https:\/\/ambiglobal.com\/web\/wp-content\/uploads\/2024\/07\/Posts-2024.mp4\"><\/video><\/figure><div class=\"wp-block-media-text__content\">\n<p><strong><mark style=\"background-color:rgba(0, 0, 0, 0)\" class=\"has-inline-color has-nv-c-2-color\">Marketing para PMEs (35 horas)<\/mark><\/strong> | 100% Online<strong><mark style=\"background-color:rgba(0, 0, 0, 0)\" class=\"has-inline-color has-neve-link-hover-color-color\"> (a definir)<\/mark><\/strong><\/p>\n\n\n\n<p><strong><mark style=\"background-color:rgba(0, 0, 0, 0)\" class=\"has-inline-color has-nv-c-2-color\">E-formador &amp; Moodle<\/mark><\/strong> <strong><mark style=\"background-color:rgba(0, 0, 0, 0)\" class=\"has-inline-color has-nv-c-2-color\">(50 horas)|<\/mark><\/strong> 100% Online S\u00edncrono e Ass\u00edncrono a <strong><mark style=\"background-color:rgba(0, 0, 0, 0)\" class=\"has-inline-color has-neve-link-hover-color-color\"> (a definir)<\/mark><\/strong><\/p>\n\n\n\n<p><mark style=\"background-color:rgba(0, 0, 0, 0)\" class=\"has-inline-color has-nv-c-2-color\"><strong>Ferramentas de Colabora\u00e7\u00e3o Online (8 horas) |<\/strong> <\/mark>100% Online S\u00edncrono dias <strong><mark style=\"background-color:rgba(0, 0, 0, 0)\" class=\"has-inline-color has-neve-link-hover-color-color\">a definir<\/mark><\/strong><\/p>\n\n\n\n<p><strong><mark style=\"background-color:rgba(0, 0, 0, 0)\" class=\"has-inline-color has-nv-c-2-color\">Dinamiza\u00e7\u00e3o de Redes Sociais (16 horas)|<\/mark><\/strong> 100% Online S\u00edncrono <strong><mark style=\"background-color:rgba(0, 0, 0, 0)\" class=\"has-inline-color has-neve-link-hover-color-color\">a definir<\/mark><\/strong><\/p>\n\n\n\n<p><strong><mark style=\"background-color:rgba(0, 0, 0, 0)\" class=\"has-inline-color has-nv-c-2-color\">Folha de C\u00e1lculo Excel &#8211; Interm\u00e9dio |<\/mark><\/strong> 100% Online S\u00edncrono<mark style=\"background-color:rgba(0, 0, 0, 0)\" class=\"has-inline-color has-neve-link-hover-color-color\"><strong> janeiro 2025 <\/strong><\/mark><\/p>\n\n\n\n<div class=\"wp-block-columns is-layout-flex wp-container-core-columns-is-layout-9d6595d7 wp-block-columns-is-layout-flex\">\n<div class=\"wp-block-column is-layout-flow wp-block-column-is-layout-flow\" style=\"flex-basis:33.33%\"><\/div>\n\n\n\n<div class=\"wp-block-column is-layout-flow wp-block-column-is-layout-flow\" style=\"flex-basis:66.66%\"><\/div>\n<\/div>\n<\/div><\/div>\n<\/div>\n<\/div>\n\n\n\n<p class=\"has-nv-site-bg-color has-neve-link-hover-color-background-color has-text-color has-background has-medium-font-size\"><strong>NOVIDADES<\/strong><\/p>\n\n\n\n<div class=\"wp-block-columns is-layout-flex wp-container-core-columns-is-layout-9d6595d7 wp-block-columns-is-layout-flex\">\n<div class=\"wp-block-column is-layout-flow wp-block-column-is-layout-flow\" style=\"flex-basis:66.66%\">\n<div class=\"wp-block-columns is-layout-flex wp-container-core-columns-is-layout-9d6595d7 wp-block-columns-is-layout-flex\">\n<div class=\"wp-block-column is-layout-flow wp-block-column-is-layout-flow\" style=\"flex-basis:66.66%\">\n<p><\/p>\n\n\n\n<p><\/p>\n\n\n\n<p><strong><mark style=\"background-color:rgba(0, 0, 0, 0)\" class=\"has-inline-color has-neve-link-hover-color-color\">Melhoria Cont\u00ednua: O M\u00e9todo Kaizen<\/mark><\/strong> <strong><mark style=\"background-color:rgba(0, 0, 0, 0)\" class=\"has-inline-color has-neve-link-hover-color-color\">(25 horas)<\/mark><\/strong> &#8211; A definir<\/p>\n\n\n\n<p><\/p>\n\n\n\n<p>Todas estas a\u00e7\u00f5es realizam-se em formato online s\u00edncrono! Fa\u00e7a forma\u00e7\u00e3o no conforto de sua casa.<\/p>\n<\/div>\n\n\n\n<div class=\"wp-block-column is-layout-flow wp-block-column-is-layout-flow\"><\/div>\n\n\n\n<div class=\"wp-block-column is-layout-flow wp-block-column-is-layout-flow\" style=\"flex-basis:33.33%\"><\/div>\n<\/div>\n<\/div>\n\n\n\n<div class=\"wp-block-column is-layout-flow wp-block-column-is-layout-flow\" style=\"flex-basis:33.33%\">\n<figure class=\"wp-block-image size-large\"><img loading=\"lazy\" decoding=\"async\" width=\"1024\" height=\"1024\" src=\"https:\/\/ambiglobal.com\/web\/wp-content\/uploads\/2024\/07\/PROXIMAS-FORMACOES-4-1024x1024.jpg\" alt=\"\" class=\"wp-image-1242\" srcset=\"https:\/\/ambiglobal.com\/web\/wp-content\/uploads\/2024\/07\/PROXIMAS-FORMACOES-4-1024x1024.jpg 1024w, https:\/\/ambiglobal.com\/web\/wp-content\/uploads\/2024\/07\/PROXIMAS-FORMACOES-4-300x300.jpg 300w, https:\/\/ambiglobal.com\/web\/wp-content\/uploads\/2024\/07\/PROXIMAS-FORMACOES-4-150x150.jpg 150w, https:\/\/ambiglobal.com\/web\/wp-content\/uploads\/2024\/07\/PROXIMAS-FORMACOES-4-768x768.jpg 768w, https:\/\/ambiglobal.com\/web\/wp-content\/uploads\/2024\/07\/PROXIMAS-FORMACOES-4.jpg 1080w\" sizes=\"auto, (max-width: 1024px) 100vw, 1024px\" \/><\/figure>\n<\/div>\n<\/div>\n\n\n\n<div class=\"wp-block-media-text is-stacked-on-mobile\" style=\"grid-template-columns:26% auto\"><figure class=\"wp-block-media-text__media\"><img loading=\"lazy\" decoding=\"async\" width=\"600\" height=\"720\" src=\"https:\/\/ambiglobal.com\/web\/wp-content\/uploads\/2022\/06\/1.png\" alt=\"Quem somos - Ambiglobal\" class=\"wp-image-505 size-full\" srcset=\"https:\/\/ambiglobal.com\/web\/wp-content\/uploads\/2022\/06\/1.png 600w, https:\/\/ambiglobal.com\/web\/wp-content\/uploads\/2022\/06\/1-250x300.png 250w\" sizes=\"auto, (max-width: 600px) 100vw, 600px\" \/><\/figure><div class=\"wp-block-media-text__content\">\n<p class=\"has-nv-c-2-color has-text-color\"><strong>Inscreva-se connosco! Temos condi\u00e7\u00f5es especiais para Grupos e Empresas. <\/strong><\/p>\n\n\n\n<p class=\"has-neve-link-hover-color-color has-text-color\"><strong>Invista em si! Invista na sua Empresa! <\/strong><\/p>\n\n\n\n<p class=\"has-nv-c-2-color has-text-color\"><strong>Contacte-nos!<\/strong><\/p>\n\n\n\n<p><\/p>\n\n\n\n<div id=\"wp-block-themeisle-blocks-form-6a580de9\" class=\"wp-block-themeisle-blocks-form\" data-option-name=\"7c3da68edfa01d7a5ed72092232ecc63163adaa7_6a580de9\"><form class=\"otter-form__container\">\n<div id=\"wp-block-themeisle-blocks-form-input-cbe06d84\" class=\"wp-block-themeisle-blocks-form-input\"><label for=\"wp-block-themeisle-blocks-form-input-cbe06d84-input\" class=\"otter-form-input-label\"><span class=\"otter-form-input-label__label\">Nome<\/span><span class=\"required\">*<\/span><\/label><input type=\"text\" id=\"wp-block-themeisle-blocks-form-input-cbe06d84-input\" required class=\"otter-form-input\"\/><\/div>\n\n\n\n<div id=\"wp-block-themeisle-blocks-form-input-52a96a93\" class=\"wp-block-themeisle-blocks-form-input\"><label for=\"wp-block-themeisle-blocks-form-input-52a96a93-input\" class=\"otter-form-input-label\"><span class=\"otter-form-input-label__label\">Email<\/span><span class=\"required\">*<\/span><\/label><input type=\"email\" id=\"wp-block-themeisle-blocks-form-input-52a96a93-input\" required class=\"otter-form-input\"\/><\/div>\n\n\n<div class=\"protection\" aria-hidden=\"true\"><input type=\"hidden\" id=\"wp-block-themeisle-blocks-form-6a580de9_nonce_field\" name=\"wp-block-themeisle-blocks-form-6a580de9_nonce_field\" value=\"89a453a6f7\" \/><input type=\"hidden\" name=\"_wp_http_referer\" value=\"\/web\/wp-json\/wp\/v2\/pages\/1025\" \/><input class=\"o-anti-bot\" type=\"checkbox\"><\/div>\n\n\n<div id=\"wp-block-themeisle-blocks-form-textarea-47c180d0\" class=\"wp-block-themeisle-blocks-form-textarea\"><label for=\"wp-block-themeisle-blocks-form-textarea-47c180d0-input\" class=\"otter-form-textarea-label\"><span class=\"otter-form-textarea-label__label\">Gostava de receber informa\u00e7\u00e3o sobre:<\/span><\/label><textarea id=\"wp-block-themeisle-blocks-form-textarea-47c180d0-input\" rows=\"10\" class=\"otter-form-textarea-input\"><\/textarea><\/div>\n\n\n\n<p class=\"has-extra-small-font-size\">Ao preencher o nosso formul\u00e1rio, est\u00e1 a aceitar ser contactado (a) pelo nosso Departamento de Forma\u00e7\u00e3o. <\/p>\n<div class=\"wp-block-button\"><button class=\"wp-block-button__link\" type=\"submit\">Submit<\/button><\/div><\/form><\/div>\n<\/div><\/div>\n","protected":false},"excerpt":{"rendered":"<p>&#8220;Pensar sem aprender torna-nos caprichosos, e aprender sem pensar \u00e9 um desastre&#8221; (Conf\u00facio) Forma\u00e7\u00e3o Pedag\u00f3gica Inicial de Formadores Quer ser formador (a)? Ainda n\u00e3o tem o CCP? Temos o curso de forma\u00e7\u00e3o de formadores ideal para si. A Forma\u00e7\u00e3o Pedag\u00f3gica Inicial de Formadores \u00e9 destinada a quem pretende obter o Certificado de Compet\u00eancias Pedag\u00f3gicas (CCP).Torne-se&hellip;&nbsp;<a href=\"https:\/\/ambiglobal.com\/web\/proximos-cursos\/\" rel=\"bookmark\">Ler mais &raquo;<span class=\"screen-reader-text\">Pr\u00f3ximos Cursos<\/span><\/a><\/p>\n","protected":false},"author":2,"featured_media":0,"parent":0,"menu_order":0,"comment_status":"closed","ping_status":"closed","template":"","meta":{"neve_meta_sidebar":"","neve_meta_container":"","neve_meta_enable_content_width":"","neve_meta_content_width":0,"neve_meta_title_alignment":"center","neve_meta_author_avatar":"","neve_post_elements_order":"","neve_meta_disable_header":"","neve_meta_disable_footer":"","neve_meta_disable_title":"","_themeisle_gutenberg_block_has_review":false,"footnotes":""},"class_list":["post-1025","page","type-page","status-publish","hentry"],"yoast_head":"<!-- This site is optimized with the Yoast SEO plugin v27.5 - https:\/\/yoast.com\/product\/yoast-seo-wordpress\/ -->\n<title>Pr\u00f3ximos Cursos - Ambiglobal<\/title>\n<meta name=\"robots\" content=\"index, follow, max-snippet:-1, max-image-preview:large, max-video-preview:-1\" \/>\n<link rel=\"canonical\" href=\"https:\/\/ambiglobal.com\/web\/proximos-cursos\/\" \/>\n<meta property=\"og:locale\" content=\"pt_PT\" \/>\n<meta property=\"og:type\" content=\"article\" \/>\n<meta property=\"og:title\" content=\"Pr\u00f3ximos Cursos - Ambiglobal\" \/>\n<meta property=\"og:description\" content=\"&#8220;Pensar sem aprender torna-nos caprichosos, e aprender sem pensar \u00e9 um desastre&#8221; (Conf\u00facio) Forma\u00e7\u00e3o Pedag\u00f3gica Inicial de Formadores Quer ser formador (a)? Ainda n\u00e3o tem o CCP? Temos o curso de forma\u00e7\u00e3o de formadores ideal para si. A Forma\u00e7\u00e3o Pedag\u00f3gica Inicial de Formadores \u00e9 destinada a quem pretende obter o Certificado de Compet\u00eancias Pedag\u00f3gicas (CCP).Torne-se&hellip;&nbsp;Ler mais &raquo;Pr\u00f3ximos Cursos\" \/>\n<meta property=\"og:url\" content=\"https:\/\/ambiglobal.com\/web\/proximos-cursos\/\" \/>\n<meta property=\"og:site_name\" content=\"Ambiglobal\" \/>\n<meta property=\"article:modified_time\" content=\"2024-12-23T15:14:45+00:00\" \/>\n<meta property=\"og:image\" content=\"https:\/\/ambiglobal.com\/web\/wp-content\/uploads\/2024\/07\/PROXIMAS-FORMACOES-4.jpg\" \/>\n\t<meta property=\"og:image:width\" content=\"1080\" \/>\n\t<meta property=\"og:image:height\" content=\"1080\" \/>\n\t<meta property=\"og:image:type\" content=\"image\/jpeg\" \/>\n<meta name=\"twitter:card\" content=\"summary_large_image\" \/>\n<meta name=\"twitter:label1\" content=\"Tempo estimado de leitura\" \/>\n\t<meta name=\"twitter:data1\" content=\"3 minutos\" \/>\n<script type=\"application\/ld+json\" class=\"yoast-schema-graph\">{\"@context\":\"https:\\\/\\\/schema.org\",\"@graph\":[{\"@type\":\"WebPage\",\"@id\":\"https:\\\/\\\/ambiglobal.com\\\/web\\\/proximos-cursos\\\/\",\"url\":\"https:\\\/\\\/ambiglobal.com\\\/web\\\/proximos-cursos\\\/\",\"name\":\"Pr\u00f3ximos Cursos - Ambiglobal\",\"isPartOf\":{\"@id\":\"https:\\\/\\\/ambiglobal.com\\\/web\\\/#website\"},\"primaryImageOfPage\":{\"@id\":\"https:\\\/\\\/ambiglobal.com\\\/web\\\/proximos-cursos\\\/#primaryimage\"},\"image\":{\"@id\":\"https:\\\/\\\/ambiglobal.com\\\/web\\\/proximos-cursos\\\/#primaryimage\"},\"thumbnailUrl\":\"https:\\\/\\\/ambiglobal.com\\\/web\\\/wp-content\\\/uploads\\\/2024\\\/07\\\/PROXIMAS-FORMACOES-4-1024x1024.jpg\",\"datePublished\":\"2023-01-08T17:10:46+00:00\",\"dateModified\":\"2024-12-23T15:14:45+00:00\",\"breadcrumb\":{\"@id\":\"https:\\\/\\\/ambiglobal.com\\\/web\\\/proximos-cursos\\\/#breadcrumb\"},\"inLanguage\":\"pt-PT\",\"potentialAction\":[{\"@type\":\"ReadAction\",\"target\":[\"https:\\\/\\\/ambiglobal.com\\\/web\\\/proximos-cursos\\\/\"]}]},{\"@type\":\"ImageObject\",\"inLanguage\":\"pt-PT\",\"@id\":\"https:\\\/\\\/ambiglobal.com\\\/web\\\/proximos-cursos\\\/#primaryimage\",\"url\":\"https:\\\/\\\/ambiglobal.com\\\/web\\\/wp-content\\\/uploads\\\/2024\\\/07\\\/PROXIMAS-FORMACOES-4.jpg\",\"contentUrl\":\"https:\\\/\\\/ambiglobal.com\\\/web\\\/wp-content\\\/uploads\\\/2024\\\/07\\\/PROXIMAS-FORMACOES-4.jpg\",\"width\":1080,\"height\":1080},{\"@type\":\"BreadcrumbList\",\"@id\":\"https:\\\/\\\/ambiglobal.com\\\/web\\\/proximos-cursos\\\/#breadcrumb\",\"itemListElement\":[{\"@type\":\"ListItem\",\"position\":1,\"name\":\"In\u00edcio\",\"item\":\"https:\\\/\\\/ambiglobal.com\\\/web\\\/\"},{\"@type\":\"ListItem\",\"position\":2,\"name\":\"Pr\u00f3ximos Cursos\"}]},{\"@type\":\"WebSite\",\"@id\":\"https:\\\/\\\/ambiglobal.com\\\/web\\\/#website\",\"url\":\"https:\\\/\\\/ambiglobal.com\\\/web\\\/\",\"name\":\"Ambiglobal\",\"description\":\"Medicina, Seguran\u00e7a e Forma\u00e7\u00e3o\",\"publisher\":{\"@id\":\"https:\\\/\\\/ambiglobal.com\\\/web\\\/#organization\"},\"potentialAction\":[{\"@type\":\"SearchAction\",\"target\":{\"@type\":\"EntryPoint\",\"urlTemplate\":\"https:\\\/\\\/ambiglobal.com\\\/web\\\/?s={search_term_string}\"},\"query-input\":{\"@type\":\"PropertyValueSpecification\",\"valueRequired\":true,\"valueName\":\"search_term_string\"}}],\"inLanguage\":\"pt-PT\"},{\"@type\":\"Organization\",\"@id\":\"https:\\\/\\\/ambiglobal.com\\\/web\\\/#organization\",\"name\":\"Ambiglobal\",\"url\":\"https:\\\/\\\/ambiglobal.com\\\/web\\\/\",\"logo\":{\"@type\":\"ImageObject\",\"inLanguage\":\"pt-PT\",\"@id\":\"https:\\\/\\\/ambiglobal.com\\\/web\\\/#\\\/schema\\\/logo\\\/image\\\/\",\"url\":\"https:\\\/\\\/ambiglobal.com\\\/web\\\/wp-content\\\/uploads\\\/2020\\\/12\\\/neve-doctor-logo-2.png\",\"contentUrl\":\"https:\\\/\\\/ambiglobal.com\\\/web\\\/wp-content\\\/uploads\\\/2020\\\/12\\\/neve-doctor-logo-2.png\",\"width\":200,\"height\":200,\"caption\":\"Ambiglobal\"},\"image\":{\"@id\":\"https:\\\/\\\/ambiglobal.com\\\/web\\\/#\\\/schema\\\/logo\\\/image\\\/\"}}]}<\/script>\n<!-- \/ Yoast SEO plugin. -->","yoast_head_json":{"title":"Pr\u00f3ximos Cursos - Ambiglobal","robots":{"index":"index","follow":"follow","max-snippet":"max-snippet:-1","max-image-preview":"max-image-preview:large","max-video-preview":"max-video-preview:-1"},"canonical":"https:\/\/ambiglobal.com\/web\/proximos-cursos\/","og_locale":"pt_PT","og_type":"article","og_title":"Pr\u00f3ximos Cursos - Ambiglobal","og_description":"&#8220;Pensar sem aprender torna-nos caprichosos, e aprender sem pensar \u00e9 um desastre&#8221; (Conf\u00facio) Forma\u00e7\u00e3o Pedag\u00f3gica Inicial de Formadores Quer ser formador (a)? Ainda n\u00e3o tem o CCP? Temos o curso de forma\u00e7\u00e3o de formadores ideal para si. A Forma\u00e7\u00e3o Pedag\u00f3gica Inicial de Formadores \u00e9 destinada a quem pretende obter o Certificado de Compet\u00eancias Pedag\u00f3gicas (CCP).Torne-se&hellip;&nbsp;Ler mais &raquo;Pr\u00f3ximos Cursos","og_url":"https:\/\/ambiglobal.com\/web\/proximos-cursos\/","og_site_name":"Ambiglobal","article_modified_time":"2024-12-23T15:14:45+00:00","og_image":[{"width":1080,"height":1080,"url":"https:\/\/ambiglobal.com\/web\/wp-content\/uploads\/2024\/07\/PROXIMAS-FORMACOES-4.jpg","type":"image\/jpeg"}],"twitter_card":"summary_large_image","twitter_misc":{"Tempo estimado de leitura":"3 minutos"},"schema":{"@context":"https:\/\/schema.org","@graph":[{"@type":"WebPage","@id":"https:\/\/ambiglobal.com\/web\/proximos-cursos\/","url":"https:\/\/ambiglobal.com\/web\/proximos-cursos\/","name":"Pr\u00f3ximos Cursos - Ambiglobal","isPartOf":{"@id":"https:\/\/ambiglobal.com\/web\/#website"},"primaryImageOfPage":{"@id":"https:\/\/ambiglobal.com\/web\/proximos-cursos\/#primaryimage"},"image":{"@id":"https:\/\/ambiglobal.com\/web\/proximos-cursos\/#primaryimage"},"thumbnailUrl":"https:\/\/ambiglobal.com\/web\/wp-content\/uploads\/2024\/07\/PROXIMAS-FORMACOES-4-1024x1024.jpg","datePublished":"2023-01-08T17:10:46+00:00","dateModified":"2024-12-23T15:14:45+00:00","breadcrumb":{"@id":"https:\/\/ambiglobal.com\/web\/proximos-cursos\/#breadcrumb"},"inLanguage":"pt-PT","potentialAction":[{"@type":"ReadAction","target":["https:\/\/ambiglobal.com\/web\/proximos-cursos\/"]}]},{"@type":"ImageObject","inLanguage":"pt-PT","@id":"https:\/\/ambiglobal.com\/web\/proximos-cursos\/#primaryimage","url":"https:\/\/ambiglobal.com\/web\/wp-content\/uploads\/2024\/07\/PROXIMAS-FORMACOES-4.jpg","contentUrl":"https:\/\/ambiglobal.com\/web\/wp-content\/uploads\/2024\/07\/PROXIMAS-FORMACOES-4.jpg","width":1080,"height":1080},{"@type":"BreadcrumbList","@id":"https:\/\/ambiglobal.com\/web\/proximos-cursos\/#breadcrumb","itemListElement":[{"@type":"ListItem","position":1,"name":"In\u00edcio","item":"https:\/\/ambiglobal.com\/web\/"},{"@type":"ListItem","position":2,"name":"Pr\u00f3ximos Cursos"}]},{"@type":"WebSite","@id":"https:\/\/ambiglobal.com\/web\/#website","url":"https:\/\/ambiglobal.com\/web\/","name":"Ambiglobal","description":"Medicina, Seguran\u00e7a e Forma\u00e7\u00e3o","publisher":{"@id":"https:\/\/ambiglobal.com\/web\/#organization"},"potentialAction":[{"@type":"SearchAction","target":{"@type":"EntryPoint","urlTemplate":"https:\/\/ambiglobal.com\/web\/?s={search_term_string}"},"query-input":{"@type":"PropertyValueSpecification","valueRequired":true,"valueName":"search_term_string"}}],"inLanguage":"pt-PT"},{"@type":"Organization","@id":"https:\/\/ambiglobal.com\/web\/#organization","name":"Ambiglobal","url":"https:\/\/ambiglobal.com\/web\/","logo":{"@type":"ImageObject","inLanguage":"pt-PT","@id":"https:\/\/ambiglobal.com\/web\/#\/schema\/logo\/image\/","url":"https:\/\/ambiglobal.com\/web\/wp-content\/uploads\/2020\/12\/neve-doctor-logo-2.png","contentUrl":"https:\/\/ambiglobal.com\/web\/wp-content\/uploads\/2020\/12\/neve-doctor-logo-2.png","width":200,"height":200,"caption":"Ambiglobal"},"image":{"@id":"https:\/\/ambiglobal.com\/web\/#\/schema\/logo\/image\/"}}]}},"_links":{"self":[{"href":"https:\/\/ambiglobal.com\/web\/wp-json\/wp\/v2\/pages\/1025","targetHints":{"allow":["GET"]}}],"collection":[{"href":"https:\/\/ambiglobal.com\/web\/wp-json\/wp\/v2\/pages"}],"about":[{"href":"https:\/\/ambiglobal.com\/web\/wp-json\/wp\/v2\/types\/page"}],"author":[{"embeddable":true,"href":"https:\/\/ambiglobal.com\/web\/wp-json\/wp\/v2\/users\/2"}],"replies":[{"embeddable":true,"href":"https:\/\/ambiglobal.com\/web\/wp-json\/wp\/v2\/comments?post=1025"}],"version-history":[{"count":29,"href":"https:\/\/ambiglobal.com\/web\/wp-json\/wp\/v2\/pages\/1025\/revisions"}],"predecessor-version":[{"id":1277,"href":"https:\/\/ambiglobal.com\/web\/wp-json\/wp\/v2\/pages\/1025\/revisions\/1277"}],"wp:attachment":[{"href":"https:\/\/ambiglobal.com\/web\/wp-json\/wp\/v2\/media?parent=1025"}],"curies":[{"name":"wp","href":"https:\/\/api.w.org\/{rel}","templated":true}]}}