{"id":358,"date":"2022-06-12T17:28:39","date_gmt":"2022-06-12T17:28:39","guid":{"rendered":"https:\/\/ambiglobal.com\/web\/?page_id=358"},"modified":"2023-03-28T09:07:35","modified_gmt":"2023-03-28T09:07:35","slug":"cursos-disponiveis","status":"publish","type":"page","link":"https:\/\/ambiglobal.com\/web\/cursos-disponiveis\/","title":{"rendered":"Cursos Dispon\u00edveis"},"content":{"rendered":"\n<p><\/p>\n\n\n\n<div class=\"wp-block-columns alignwide are-vertically-aligned-center is-layout-flex wp-container-core-columns-is-layout-9d6595d7 wp-block-columns-is-layout-flex\">\n<div class=\"wp-block-column is-vertically-aligned-center is-layout-flow wp-block-column-is-layout-flow\">\n<figure class=\"wp-block-image size-full\"><img loading=\"lazy\" decoding=\"async\" width=\"600\" height=\"720\" src=\"https:\/\/ambiglobal.com\/web\/wp-content\/uploads\/2022\/06\/1.png\" alt=\"\" class=\"wp-image-505\" srcset=\"https:\/\/ambiglobal.com\/web\/wp-content\/uploads\/2022\/06\/1.png 600w, https:\/\/ambiglobal.com\/web\/wp-content\/uploads\/2022\/06\/1-250x300.png 250w\" sizes=\"auto, (max-width: 600px) 100vw, 600px\" \/><\/figure>\n\n\n\n<h5 class=\"has-text-align-center wp-block-heading\">Forma\u00e7\u00e3o de Formadores<\/h5>\n\n\n\n<div class=\"wp-block-buttons is-layout-flex wp-block-buttons-is-layout-flex\">\n<div class=\"wp-block-button aligncenter is-style-primary\"><a class=\"wp-block-button__link wp-element-button\" href=\"https:\/\/ambiglobal.com\/web\/formacao-de-formadores\/\">Saber Mais<\/a><\/div>\n<\/div>\n\n\n\n<div style=\"height:30px\" aria-hidden=\"true\" class=\"wp-block-spacer\"><\/div>\n<\/div>\n\n\n\n<div class=\"wp-block-column is-vertically-aligned-center is-layout-flow wp-block-column-is-layout-flow\">\n<figure class=\"wp-block-image size-full\"><img loading=\"lazy\" decoding=\"async\" width=\"600\" height=\"720\" src=\"https:\/\/ambiglobal.com\/web\/wp-content\/uploads\/2022\/06\/4.png\" alt=\"\" class=\"wp-image-508\" srcset=\"https:\/\/ambiglobal.com\/web\/wp-content\/uploads\/2022\/06\/4.png 600w, https:\/\/ambiglobal.com\/web\/wp-content\/uploads\/2022\/06\/4-250x300.png 250w\" sizes=\"auto, (max-width: 600px) 100vw, 600px\" \/><\/figure>\n\n\n\n<h5 class=\"has-text-align-center wp-block-heading\">Seguran\u00e7a \/ sa\u00fade no trabalho<\/h5>\n\n\n\n<div class=\"wp-block-buttons is-layout-flex wp-block-buttons-is-layout-flex\">\n<div class=\"wp-block-button aligncenter is-style-primary\"><a class=\"wp-block-button__link wp-element-button\" href=\"https:\/\/ambiglobal.com\/web\/saude-e-seguranca-no-trabalho\/\">Saber Mais<\/a><\/div>\n<\/div>\n\n\n\n<div style=\"height:30px\" aria-hidden=\"true\" class=\"wp-block-spacer\"><\/div>\n<\/div>\n\n\n\n<div class=\"wp-block-column is-vertically-aligned-center is-layout-flow wp-block-column-is-layout-flow\">\n<figure class=\"wp-block-image size-full\"><img loading=\"lazy\" decoding=\"async\" width=\"600\" height=\"720\" src=\"https:\/\/ambiglobal.com\/web\/wp-content\/uploads\/2022\/06\/3.png\" alt=\"\" class=\"wp-image-507\" srcset=\"https:\/\/ambiglobal.com\/web\/wp-content\/uploads\/2022\/06\/3.png 600w, https:\/\/ambiglobal.com\/web\/wp-content\/uploads\/2022\/06\/3-250x300.png 250w\" sizes=\"auto, (max-width: 600px) 100vw, 600px\" \/><\/figure>\n\n\n\n<h5 class=\"has-text-align-center wp-block-heading\">Seguran\u00e7a Alimentar<\/h5>\n\n\n\n<div class=\"wp-block-buttons is-layout-flex wp-block-buttons-is-layout-flex\">\n<div class=\"wp-block-button aligncenter is-style-primary\"><a class=\"wp-block-button__link wp-element-button\" href=\"https:\/\/ambiglobal.com\/web\/seguranca-alimentar\/\">Saber Mais<\/a><\/div>\n<\/div>\n\n\n\n<div style=\"height:30px\" aria-hidden=\"true\" class=\"wp-block-spacer\"><\/div>\n<\/div>\n<\/div>\n\n\n\n<div class=\"wp-block-columns alignwide are-vertically-aligned-center is-layout-flex wp-container-core-columns-is-layout-9d6595d7 wp-block-columns-is-layout-flex\">\n<div class=\"wp-block-column is-vertically-aligned-center is-layout-flow wp-block-column-is-layout-flow\">\n<figure class=\"wp-block-image size-full\"><img loading=\"lazy\" decoding=\"async\" width=\"600\" height=\"720\" src=\"https:\/\/ambiglobal.com\/web\/wp-content\/uploads\/2022\/06\/2.png\" alt=\"\" class=\"wp-image-506\" srcset=\"https:\/\/ambiglobal.com\/web\/wp-content\/uploads\/2022\/06\/2.png 600w, https:\/\/ambiglobal.com\/web\/wp-content\/uploads\/2022\/06\/2-250x300.png 250w\" sizes=\"auto, (max-width: 600px) 100vw, 600px\" \/><\/figure>\n\n\n\n<h5 class=\"has-text-align-center wp-block-heading\">Sa\u00fade<\/h5>\n\n\n\n<div class=\"wp-block-buttons is-layout-flex wp-block-buttons-is-layout-flex\">\n<div class=\"wp-block-button aligncenter is-style-primary\"><a class=\"wp-block-button__link wp-element-button\" href=\"https:\/\/ambiglobal.com\/web\/saude\/\">Saber Mais<\/a><\/div>\n<\/div>\n\n\n\n<div style=\"height:30px\" aria-hidden=\"true\" class=\"wp-block-spacer\"><\/div>\n<\/div>\n\n\n\n<div class=\"wp-block-column is-vertically-aligned-center is-layout-flow wp-block-column-is-layout-flow\">\n<figure class=\"wp-block-image size-full\"><img loading=\"lazy\" decoding=\"async\" width=\"600\" height=\"720\" src=\"https:\/\/ambiglobal.com\/web\/wp-content\/uploads\/2022\/06\/Untitled-design-3.png\" alt=\"\" class=\"wp-image-566\" srcset=\"https:\/\/ambiglobal.com\/web\/wp-content\/uploads\/2022\/06\/Untitled-design-3.png 600w, https:\/\/ambiglobal.com\/web\/wp-content\/uploads\/2022\/06\/Untitled-design-3-250x300.png 250w\" sizes=\"auto, (max-width: 600px) 100vw, 600px\" \/><\/figure>\n\n\n\n<h5 class=\"has-text-align-center wp-block-heading\">Desenvolvimento Pessoal<\/h5>\n\n\n\n<div class=\"wp-block-buttons is-layout-flex wp-block-buttons-is-layout-flex\">\n<div class=\"wp-block-button aligncenter is-style-primary\"><a class=\"wp-block-button__link wp-element-button\" href=\"https:\/\/ambiglobal.com\/web\/desenvolvimento-pessoal\/\">Saber Mais<\/a><\/div>\n<\/div>\n\n\n\n<div style=\"height:30px\" aria-hidden=\"true\" class=\"wp-block-spacer\"><\/div>\n<\/div>\n\n\n\n<div class=\"wp-block-column is-vertically-aligned-center is-layout-flow wp-block-column-is-layout-flow\">\n<figure class=\"wp-block-image size-full\"><img loading=\"lazy\" decoding=\"async\" width=\"600\" height=\"720\" src=\"https:\/\/ambiglobal.com\/web\/wp-content\/uploads\/2022\/06\/Untitled-design-5.png\" alt=\"\" class=\"wp-image-571\" srcset=\"https:\/\/ambiglobal.com\/web\/wp-content\/uploads\/2022\/06\/Untitled-design-5.png 600w, https:\/\/ambiglobal.com\/web\/wp-content\/uploads\/2022\/06\/Untitled-design-5-250x300.png 250w\" sizes=\"auto, (max-width: 600px) 100vw, 600px\" \/><\/figure>\n\n\n\n<h5 class=\"has-text-align-center wp-block-heading\">Enquadramento de Empresa<\/h5>\n\n\n\n<div class=\"wp-block-buttons is-layout-flex wp-block-buttons-is-layout-flex\">\n<div class=\"wp-block-button aligncenter is-style-primary\"><a class=\"wp-block-button__link wp-element-button\" href=\"https:\/\/ambiglobal.com\/web\/enquadramento-da-organizacao-empresa\/\">Saber Mais<\/a><\/div>\n<\/div>\n\n\n\n<div style=\"height:30px\" aria-hidden=\"true\" class=\"wp-block-spacer\"><\/div>\n<\/div>\n<\/div>\n","protected":false},"excerpt":{"rendered":"<p>Forma\u00e7\u00e3o de Formadores Seguran\u00e7a \/ sa\u00fade no trabalho Seguran\u00e7a Alimentar Sa\u00fade Desenvolvimento Pessoal Enquadramento de Empresa<\/p>\n","protected":false},"author":1,"featured_media":0,"parent":0,"menu_order":0,"comment_status":"closed","ping_status":"open","template":"","meta":{"neve_meta_sidebar":"","neve_meta_container":"","neve_meta_enable_content_width":"","neve_meta_content_width":0,"neve_meta_title_alignment":"","neve_meta_author_avatar":"","neve_post_elements_order":"","neve_meta_disable_header":"","neve_meta_disable_footer":"","neve_meta_disable_title":"","_themeisle_gutenberg_block_has_review":false,"footnotes":""},"class_list":["post-358","page","type-page","status-publish","hentry"],"yoast_head":"<!-- This site is optimized with the Yoast SEO plugin v27.5 - https:\/\/yoast.com\/product\/yoast-seo-wordpress\/ -->\n<title>Cursos Dispon\u00edveis - Ambiglobal<\/title>\n<meta name=\"description\" content=\"Ao longo destes 23 anos, tem pautado o seu servi\u00e7o pela Qualidade, Criatividade e Inova\u00e7\u00e3o. Conhe\u00e7a a nossa oferta.\" \/>\n<meta name=\"robots\" content=\"index, follow, max-snippet:-1, max-image-preview:large, max-video-preview:-1\" \/>\n<link rel=\"canonical\" href=\"https:\/\/ambiglobal.com\/web\/cursos-disponiveis\/\" \/>\n<meta property=\"og:locale\" content=\"pt_PT\" \/>\n<meta property=\"og:type\" content=\"article\" \/>\n<meta property=\"og:title\" content=\"Cursos Dispon\u00edveis - Ambiglobal\" \/>\n<meta property=\"og:description\" content=\"Ao longo destes 23 anos, tem pautado o seu servi\u00e7o pela Qualidade, Criatividade e Inova\u00e7\u00e3o. Conhe\u00e7a a nossa oferta.\" \/>\n<meta property=\"og:url\" content=\"https:\/\/ambiglobal.com\/web\/cursos-disponiveis\/\" \/>\n<meta property=\"og:site_name\" content=\"Ambiglobal\" \/>\n<meta property=\"article:modified_time\" content=\"2023-03-28T09:07:35+00:00\" \/>\n<meta property=\"og:image\" content=\"https:\/\/ambiglobal.com\/web\/wp-content\/uploads\/2022\/06\/1.png\" \/>\n<meta name=\"twitter:card\" content=\"summary_large_image\" \/>\n<meta name=\"twitter:label1\" content=\"Tempo estimado de leitura\" \/>\n\t<meta name=\"twitter:data1\" content=\"2 minutos\" \/>\n<script type=\"application\/ld+json\" class=\"yoast-schema-graph\">{\"@context\":\"https:\\\/\\\/schema.org\",\"@graph\":[{\"@type\":\"WebPage\",\"@id\":\"https:\\\/\\\/ambiglobal.com\\\/web\\\/cursos-disponiveis\\\/\",\"url\":\"https:\\\/\\\/ambiglobal.com\\\/web\\\/cursos-disponiveis\\\/\",\"name\":\"Cursos Dispon\u00edveis - Ambiglobal\",\"isPartOf\":{\"@id\":\"https:\\\/\\\/ambiglobal.com\\\/web\\\/#website\"},\"primaryImageOfPage\":{\"@id\":\"https:\\\/\\\/ambiglobal.com\\\/web\\\/cursos-disponiveis\\\/#primaryimage\"},\"image\":{\"@id\":\"https:\\\/\\\/ambiglobal.com\\\/web\\\/cursos-disponiveis\\\/#primaryimage\"},\"thumbnailUrl\":\"https:\\\/\\\/ambiglobal.com\\\/web\\\/wp-content\\\/uploads\\\/2022\\\/06\\\/1.png\",\"datePublished\":\"2022-06-12T17:28:39+00:00\",\"dateModified\":\"2023-03-28T09:07:35+00:00\",\"description\":\"Ao longo destes 23 anos, tem pautado o seu servi\u00e7o pela Qualidade, Criatividade e Inova\u00e7\u00e3o. Conhe\u00e7a a nossa oferta.\",\"breadcrumb\":{\"@id\":\"https:\\\/\\\/ambiglobal.com\\\/web\\\/cursos-disponiveis\\\/#breadcrumb\"},\"inLanguage\":\"pt-PT\",\"potentialAction\":[{\"@type\":\"ReadAction\",\"target\":[\"https:\\\/\\\/ambiglobal.com\\\/web\\\/cursos-disponiveis\\\/\"]}]},{\"@type\":\"ImageObject\",\"inLanguage\":\"pt-PT\",\"@id\":\"https:\\\/\\\/ambiglobal.com\\\/web\\\/cursos-disponiveis\\\/#primaryimage\",\"url\":\"https:\\\/\\\/ambiglobal.com\\\/web\\\/wp-content\\\/uploads\\\/2022\\\/06\\\/1.png\",\"contentUrl\":\"https:\\\/\\\/ambiglobal.com\\\/web\\\/wp-content\\\/uploads\\\/2022\\\/06\\\/1.png\",\"width\":600,\"height\":720,\"caption\":\"Quem somos - Ambiglobal\"},{\"@type\":\"BreadcrumbList\",\"@id\":\"https:\\\/\\\/ambiglobal.com\\\/web\\\/cursos-disponiveis\\\/#breadcrumb\",\"itemListElement\":[{\"@type\":\"ListItem\",\"position\":1,\"name\":\"In\u00edcio\",\"item\":\"https:\\\/\\\/ambiglobal.com\\\/web\\\/\"},{\"@type\":\"ListItem\",\"position\":2,\"name\":\"Cursos Dispon\u00edveis\"}]},{\"@type\":\"WebSite\",\"@id\":\"https:\\\/\\\/ambiglobal.com\\\/web\\\/#website\",\"url\":\"https:\\\/\\\/ambiglobal.com\\\/web\\\/\",\"name\":\"Ambiglobal\",\"description\":\"Medicina, Seguran\u00e7a e Forma\u00e7\u00e3o\",\"publisher\":{\"@id\":\"https:\\\/\\\/ambiglobal.com\\\/web\\\/#organization\"},\"potentialAction\":[{\"@type\":\"SearchAction\",\"target\":{\"@type\":\"EntryPoint\",\"urlTemplate\":\"https:\\\/\\\/ambiglobal.com\\\/web\\\/?s={search_term_string}\"},\"query-input\":{\"@type\":\"PropertyValueSpecification\",\"valueRequired\":true,\"valueName\":\"search_term_string\"}}],\"inLanguage\":\"pt-PT\"},{\"@type\":\"Organization\",\"@id\":\"https:\\\/\\\/ambiglobal.com\\\/web\\\/#organization\",\"name\":\"Ambiglobal\",\"url\":\"https:\\\/\\\/ambiglobal.com\\\/web\\\/\",\"logo\":{\"@type\":\"ImageObject\",\"inLanguage\":\"pt-PT\",\"@id\":\"https:\\\/\\\/ambiglobal.com\\\/web\\\/#\\\/schema\\\/logo\\\/image\\\/\",\"url\":\"https:\\\/\\\/ambiglobal.com\\\/web\\\/wp-content\\\/uploads\\\/2020\\\/12\\\/neve-doctor-logo-2.png\",\"contentUrl\":\"https:\\\/\\\/ambiglobal.com\\\/web\\\/wp-content\\\/uploads\\\/2020\\\/12\\\/neve-doctor-logo-2.png\",\"width\":200,\"height\":200,\"caption\":\"Ambiglobal\"},\"image\":{\"@id\":\"https:\\\/\\\/ambiglobal.com\\\/web\\\/#\\\/schema\\\/logo\\\/image\\\/\"}}]}<\/script>\n<!-- \/ Yoast SEO plugin. -->","yoast_head_json":{"title":"Cursos Dispon\u00edveis - Ambiglobal","description":"Ao longo destes 23 anos, tem pautado o seu servi\u00e7o pela Qualidade, Criatividade e Inova\u00e7\u00e3o. Conhe\u00e7a a nossa oferta.","robots":{"index":"index","follow":"follow","max-snippet":"max-snippet:-1","max-image-preview":"max-image-preview:large","max-video-preview":"max-video-preview:-1"},"canonical":"https:\/\/ambiglobal.com\/web\/cursos-disponiveis\/","og_locale":"pt_PT","og_type":"article","og_title":"Cursos Dispon\u00edveis - Ambiglobal","og_description":"Ao longo destes 23 anos, tem pautado o seu servi\u00e7o pela Qualidade, Criatividade e Inova\u00e7\u00e3o. Conhe\u00e7a a nossa oferta.","og_url":"https:\/\/ambiglobal.com\/web\/cursos-disponiveis\/","og_site_name":"Ambiglobal","article_modified_time":"2023-03-28T09:07:35+00:00","og_image":[{"url":"https:\/\/ambiglobal.com\/web\/wp-content\/uploads\/2022\/06\/1.png","type":"","width":"","height":""}],"twitter_card":"summary_large_image","twitter_misc":{"Tempo estimado de leitura":"2 minutos"},"schema":{"@context":"https:\/\/schema.org","@graph":[{"@type":"WebPage","@id":"https:\/\/ambiglobal.com\/web\/cursos-disponiveis\/","url":"https:\/\/ambiglobal.com\/web\/cursos-disponiveis\/","name":"Cursos Dispon\u00edveis - Ambiglobal","isPartOf":{"@id":"https:\/\/ambiglobal.com\/web\/#website"},"primaryImageOfPage":{"@id":"https:\/\/ambiglobal.com\/web\/cursos-disponiveis\/#primaryimage"},"image":{"@id":"https:\/\/ambiglobal.com\/web\/cursos-disponiveis\/#primaryimage"},"thumbnailUrl":"https:\/\/ambiglobal.com\/web\/wp-content\/uploads\/2022\/06\/1.png","datePublished":"2022-06-12T17:28:39+00:00","dateModified":"2023-03-28T09:07:35+00:00","description":"Ao longo destes 23 anos, tem pautado o seu servi\u00e7o pela Qualidade, Criatividade e Inova\u00e7\u00e3o. Conhe\u00e7a a nossa oferta.","breadcrumb":{"@id":"https:\/\/ambiglobal.com\/web\/cursos-disponiveis\/#breadcrumb"},"inLanguage":"pt-PT","potentialAction":[{"@type":"ReadAction","target":["https:\/\/ambiglobal.com\/web\/cursos-disponiveis\/"]}]},{"@type":"ImageObject","inLanguage":"pt-PT","@id":"https:\/\/ambiglobal.com\/web\/cursos-disponiveis\/#primaryimage","url":"https:\/\/ambiglobal.com\/web\/wp-content\/uploads\/2022\/06\/1.png","contentUrl":"https:\/\/ambiglobal.com\/web\/wp-content\/uploads\/2022\/06\/1.png","width":600,"height":720,"caption":"Quem somos - Ambiglobal"},{"@type":"BreadcrumbList","@id":"https:\/\/ambiglobal.com\/web\/cursos-disponiveis\/#breadcrumb","itemListElement":[{"@type":"ListItem","position":1,"name":"In\u00edcio","item":"https:\/\/ambiglobal.com\/web\/"},{"@type":"ListItem","position":2,"name":"Cursos Dispon\u00edveis"}]},{"@type":"WebSite","@id":"https:\/\/ambiglobal.com\/web\/#website","url":"https:\/\/ambiglobal.com\/web\/","name":"Ambiglobal","description":"Medicina, Seguran\u00e7a e Forma\u00e7\u00e3o","publisher":{"@id":"https:\/\/ambiglobal.com\/web\/#organization"},"potentialAction":[{"@type":"SearchAction","target":{"@type":"EntryPoint","urlTemplate":"https:\/\/ambiglobal.com\/web\/?s={search_term_string}"},"query-input":{"@type":"PropertyValueSpecification","valueRequired":true,"valueName":"search_term_string"}}],"inLanguage":"pt-PT"},{"@type":"Organization","@id":"https:\/\/ambiglobal.com\/web\/#organization","name":"Ambiglobal","url":"https:\/\/ambiglobal.com\/web\/","logo":{"@type":"ImageObject","inLanguage":"pt-PT","@id":"https:\/\/ambiglobal.com\/web\/#\/schema\/logo\/image\/","url":"https:\/\/ambiglobal.com\/web\/wp-content\/uploads\/2020\/12\/neve-doctor-logo-2.png","contentUrl":"https:\/\/ambiglobal.com\/web\/wp-content\/uploads\/2020\/12\/neve-doctor-logo-2.png","width":200,"height":200,"caption":"Ambiglobal"},"image":{"@id":"https:\/\/ambiglobal.com\/web\/#\/schema\/logo\/image\/"}}]}},"_links":{"self":[{"href":"https:\/\/ambiglobal.com\/web\/wp-json\/wp\/v2\/pages\/358","targetHints":{"allow":["GET"]}}],"collection":[{"href":"https:\/\/ambiglobal.com\/web\/wp-json\/wp\/v2\/pages"}],"about":[{"href":"https:\/\/ambiglobal.com\/web\/wp-json\/wp\/v2\/types\/page"}],"author":[{"embeddable":true,"href":"https:\/\/ambiglobal.com\/web\/wp-json\/wp\/v2\/users\/1"}],"replies":[{"embeddable":true,"href":"https:\/\/ambiglobal.com\/web\/wp-json\/wp\/v2\/comments?post=358"}],"version-history":[{"count":17,"href":"https:\/\/ambiglobal.com\/web\/wp-json\/wp\/v2\/pages\/358\/revisions"}],"predecessor-version":[{"id":1061,"href":"https:\/\/ambiglobal.com\/web\/wp-json\/wp\/v2\/pages\/358\/revisions\/1061"}],"wp:attachment":[{"href":"https:\/\/ambiglobal.com\/web\/wp-json\/wp\/v2\/media?parent=358"}],"curies":[{"name":"wp","href":"https:\/\/api.w.org\/{rel}","templated":true}]}}