{"id":365,"date":"2022-06-12T17:32:55","date_gmt":"2022-06-12T17:32:55","guid":{"rendered":"https:\/\/ambiglobal.com\/web\/?page_id=365"},"modified":"2022-12-08T17:32:56","modified_gmt":"2022-12-08T17:32:56","slug":"seguranca-alimentar-2","status":"publish","type":"page","link":"https:\/\/ambiglobal.com\/web\/seguranca-alimentar-2\/","title":{"rendered":"Seguran\u00e7a Alimentar"},"content":{"rendered":"\n<div id=\"wp-block-themeisle-blocks-advanced-columns-5bc809e5\" class=\"wp-block-themeisle-blocks-advanced-columns alignfull has-1-columns has-desktop-equal-layout has-tablet-equal-layout has-mobile-equal-layout has-vertical-unset\"><div class=\"wp-block-themeisle-blocks-advanced-columns-overlay\"><\/div><div class=\"innerblocks-wrap\">\n\n<div id=\"wp-block-themeisle-blocks-advanced-column-0f1a4705\" class=\"wp-block-themeisle-blocks-advanced-column\">\n\n<div style=\"height:100px\" aria-hidden=\"true\" class=\"wp-block-spacer\"><\/div>\n\n<\/div>\n\n<\/div><\/div>\n\n\n\n<div class=\"wp-block-columns is-layout-flex wp-container-core-columns-is-layout-9d6595d7 wp-block-columns-is-layout-flex\">\n<div class=\"wp-block-column is-layout-flow wp-block-column-is-layout-flow\">\n<h3 class=\"wp-block-heading\">Seguran\u00e7a Alimentar &amp; HACCP<\/h3>\n\n\n\n<p>A defini\u00e7\u00e3o mais simples da <strong>Seguran\u00e7a Alimentar<\/strong> refere-se a esta como a produ\u00e7\u00e3o, transforma\u00e7\u00e3o, distribui\u00e7\u00e3o e fornecimento de alimentos que n\u00e3o prejudiquem a sa\u00fade dos consumidores.&nbsp;A implementa\u00e7\u00e3o de Sistemas de&nbsp;<strong>Seguran\u00e7a Alimentar&nbsp;<\/strong>permite aumentar a&nbsp;confian\u00e7a&nbsp;dos consumidores nos produtos, o que muitas vezes de traduz no aumento da cota de mercado face \u00e0s empresas cong\u00e9neres. A implementa\u00e7\u00e3o de um sistema de auto controlo baseado na <strong>metodologia HACCP<\/strong> (<strong>Hazard Analysis Critical Control Point<\/strong>, ou&nbsp;<strong>An\u00e1lise de Perigos e Controlo de Pontos Cr\u00edticos<\/strong>, em portugu\u00eas) assegura&nbsp;o controlo de perigos para a sa\u00fade de uma forma preventiva,&nbsp;resultando na otimiza\u00e7\u00e3o dos resultados obtidos.<\/p>\n<\/div>\n\n\n\n<div class=\"wp-block-column is-layout-flow wp-block-column-is-layout-flow\" style=\"flex-basis:5px\"><\/div>\n\n\n\n<div class=\"wp-block-column is-layout-flow wp-block-column-is-layout-flow\"><div class=\"wp-block-image\">\n<figure class=\"aligncenter size-full is-resized\"><img loading=\"lazy\" decoding=\"async\" src=\"https:\/\/ambiglobal.com\/web\/wp-content\/uploads\/2022\/08\/image-3.png\" alt=\"\" class=\"wp-image-715\" width=\"400\" height=\"300\" srcset=\"https:\/\/ambiglobal.com\/web\/wp-content\/uploads\/2022\/08\/image-3.png 800w, https:\/\/ambiglobal.com\/web\/wp-content\/uploads\/2022\/08\/image-3-300x225.png 300w, https:\/\/ambiglobal.com\/web\/wp-content\/uploads\/2022\/08\/image-3-768x576.png 768w\" sizes=\"auto, (max-width: 400px) 100vw, 400px\" \/><\/figure>\n<\/div><\/div>\n<\/div>\n\n\n<div class=\"wp-block-image\">\n<figure class=\"alignleft size-full\"><img loading=\"lazy\" decoding=\"async\" width=\"441\" height=\"327\" src=\"https:\/\/ambiglobal.com\/web\/wp-content\/uploads\/2022\/09\/image-2.png\" alt=\"\" class=\"wp-image-768\" srcset=\"https:\/\/ambiglobal.com\/web\/wp-content\/uploads\/2022\/09\/image-2.png 441w, https:\/\/ambiglobal.com\/web\/wp-content\/uploads\/2022\/09\/image-2-300x222.png 300w\" sizes=\"auto, (max-width: 441px) 100vw, 441px\" \/><\/figure>\n<\/div>\n\n\n<p><strong>HACCP<\/strong>&nbsp;\u00e9 uma \u00e1rea t\u00e9cnica que envolve um conjunto de normas de&nbsp;<strong>manuseamento de alimentos<\/strong>&nbsp;\u2013 incluindo a produ\u00e7\u00e3o, o transporte, o armazenamento e a distribui\u00e7\u00e3o \u2013 cujo objetivo \u00e9&nbsp;<strong>garantir as suas caracter\u00edsticas organol\u00e9ticas<\/strong>&nbsp;de modo a permitam o&nbsp;<strong>consumo de alimentos sem riscos para a sa\u00fade<\/strong>.<\/p>\n\n\n\n<p><strong>Implementa\u00e7\u00e3o do Sistema HACCP<\/strong><\/p>\n\n\n\n<ul class=\"wp-block-list\">\n<li><strong>Auditorias t\u00e9cnicas<\/strong>&nbsp;e respetivos relat\u00f3rios;<\/li>\n\n\n\n<li><strong>Avalia\u00e7\u00e3o das condi\u00e7\u00f5es funcionais e higiene &#8211; sanit\u00e1rias<\/strong>&nbsp;das instala\u00e7\u00f5es e dos equipamentos utilizados;<\/li>\n\n\n\n<li>Implementa\u00e7\u00e3o e\/ou verifica\u00e7\u00e3o da aplica\u00e7\u00e3o de um sistema de&nbsp;<strong>gest\u00e3o e rota\u00e7\u00e3o de stocks<\/strong>;<\/li>\n\n\n\n<li>Controlo na&nbsp;<strong>rece\u00e7\u00e3o e armazenamento de mat\u00e9rias-primas<\/strong>;<\/li>\n\n\n\n<li>Elabora\u00e7\u00e3o \/ verifica\u00e7\u00e3o de&nbsp;<strong>planos de limpeza<\/strong>&nbsp;e respetivos registos devidamente normalizados;<\/li>\n\n\n\n<li>Revis\u00e3o do c\u00f3digo de&nbsp;<strong>boas pr\u00e1ticas de higiene, fabrico e conserva\u00e7\u00e3o<\/strong> de g\u00e9neros alimentares;<\/li>\n\n\n\n<li><a href=\"https:\/\/ambiglobal.com\/web\/seguranca-alimentar\/\">Forma\u00e7\u00e3o cont\u00ednua<\/a><strong>&nbsp;<\/strong>(on-job e em sala) dos (as) funcion\u00e1rios (as) sempre com uma vertente pr\u00e1tica;<\/li>\n\n\n\n<li>Elabora\u00e7\u00e3o\/&nbsp;<strong>verifica\u00e7\u00e3o dos diagramas funcionais<\/strong>&nbsp;das unidades;<\/li>\n\n\n\n<li>Qualifica\u00e7\u00e3o de fornecedores;<\/li>\n\n\n\n<li><strong>Rastreios<\/strong>&nbsp;manipuladores e superf\u00edcies;<\/li>\n\n\n\n<li>Testes de&nbsp;<strong>an\u00e1lise \u00e0 qualidade dos \u00f3leos alimentares<\/strong>&nbsp;usados;<\/li>\n\n\n\n<li>An\u00e1lises microbiol\u00f3gicas dos alimentos (conforme Regulamento<strong><a href=\"https:\/\/eur-lex.europa.eu\/LexUriServ\/LexUriServ.do?uri=OJ:L:2004:139:0001:0054:pt:PDF\"> (CE) n\u00ba 852\/2004<\/a><\/strong>).<\/li>\n<\/ul>\n\n\n\n<p>Sabe quais os <strong>benef\u00edcios de um Servi\u00e7o de Seguran\u00e7a Alimentar<\/strong>? A imagem do seu neg\u00f3cio muda. Os <strong>clientes valorizam<\/strong> entidades e empresas que primam pela qualidade e seguran\u00e7a no manuseamento de produtos alimentares. Al\u00e9m de uma <strong>imagem mais positiva <\/strong>perante o cliente, tamb\u00e9m promove: <\/p>\n\n\n\n<ul class=\"wp-block-list\">\n<li>A produ\u00e7\u00e3o, transforma\u00e7\u00e3o, armazenamento e distribui\u00e7\u00e3o de alimentos em seguran\u00e7a;<\/li>\n\n\n\n<li>Elimina\u00e7\u00e3o da contamina\u00e7\u00e3o de produtos;<\/li>\n\n\n\n<li>Ado\u00e7\u00e3o de boas pr\u00e1ticas de desinfe\u00e7\u00e3o e higieniza\u00e7\u00e3o dos equipamentos, instala\u00e7\u00f5es e trabalhador (a);<\/li>\n\n\n\n<li>Melhor gest\u00e3o e rota\u00e7\u00e3o de stocks, evitando perdas e custos mais elevados para a empresa;<\/li>\n\n\n\n<li>Ado\u00e7\u00e3o de boas pr\u00e1ticas de confe\u00e7\u00e3o;<\/li>\n\n\n\n<li>Preven\u00e7\u00e3o e controlo de pragas (desinfesta\u00e7\u00e3o).<\/li>\n<\/ul>\n","protected":false},"excerpt":{"rendered":"<p>Seguran\u00e7a Alimentar &amp; HACCP A defini\u00e7\u00e3o mais simples da Seguran\u00e7a Alimentar refere-se a esta como a produ\u00e7\u00e3o, transforma\u00e7\u00e3o, distribui\u00e7\u00e3o e fornecimento de alimentos que n\u00e3o prejudiquem a sa\u00fade dos consumidores.&nbsp;A implementa\u00e7\u00e3o de Sistemas de&nbsp;Seguran\u00e7a Alimentar&nbsp;permite aumentar a&nbsp;confian\u00e7a&nbsp;dos consumidores nos produtos, o que muitas vezes de traduz no aumento da cota de mercado face \u00e0s empresas&hellip;&nbsp;<a href=\"https:\/\/ambiglobal.com\/web\/seguranca-alimentar-2\/\" rel=\"bookmark\">Ler mais &raquo;<span class=\"screen-reader-text\">Seguran\u00e7a Alimentar<\/span><\/a><\/p>\n","protected":false},"author":1,"featured_media":0,"parent":0,"menu_order":0,"comment_status":"closed","ping_status":"closed","template":"","meta":{"neve_meta_sidebar":"full-width","neve_meta_container":"","neve_meta_enable_content_width":"on","neve_meta_content_width":100,"neve_meta_title_alignment":"","neve_meta_author_avatar":"","neve_post_elements_order":"","neve_meta_disable_header":"","neve_meta_disable_footer":"","neve_meta_disable_title":"on","_themeisle_gutenberg_block_has_review":false,"footnotes":""},"class_list":["post-365","page","type-page","status-publish","hentry"],"yoast_head":"<!-- This site is optimized with the Yoast SEO plugin v27.5 - https:\/\/yoast.com\/product\/yoast-seo-wordpress\/ -->\n<title>Seguran\u00e7a Alimentar - Ambiglobal<\/title>\n<meta name=\"description\" content=\"Sabe quais os benef\u00edcios de um Servi\u00e7o de Seguran\u00e7a Alimentar? A imagem do seu neg\u00f3cio muda. Podemos ajudar!\" \/>\n<meta name=\"robots\" content=\"index, follow, max-snippet:-1, max-image-preview:large, max-video-preview:-1\" \/>\n<link rel=\"canonical\" href=\"https:\/\/ambiglobal.com\/web\/seguranca-alimentar-2\/\" \/>\n<meta property=\"og:locale\" content=\"pt_PT\" \/>\n<meta property=\"og:type\" content=\"article\" \/>\n<meta property=\"og:title\" content=\"Seguran\u00e7a Alimentar - Ambiglobal\" \/>\n<meta property=\"og:description\" content=\"Sabe quais os benef\u00edcios de um Servi\u00e7o de Seguran\u00e7a Alimentar? A imagem do seu neg\u00f3cio muda. Podemos ajudar!\" \/>\n<meta property=\"og:url\" content=\"https:\/\/ambiglobal.com\/web\/seguranca-alimentar-2\/\" \/>\n<meta property=\"og:site_name\" content=\"Ambiglobal\" \/>\n<meta property=\"article:modified_time\" content=\"2022-12-08T17:32:56+00:00\" \/>\n<meta property=\"og:image\" content=\"https:\/\/ambiglobal.com\/web\/wp-content\/uploads\/2022\/08\/image-3.png\" \/>\n<meta name=\"twitter:card\" content=\"summary_large_image\" \/>\n<meta name=\"twitter:label1\" content=\"Tempo estimado de leitura\" \/>\n\t<meta name=\"twitter:data1\" content=\"3 minutos\" \/>\n<script type=\"application\/ld+json\" class=\"yoast-schema-graph\">{\"@context\":\"https:\\\/\\\/schema.org\",\"@graph\":[{\"@type\":\"WebPage\",\"@id\":\"https:\\\/\\\/ambiglobal.com\\\/web\\\/seguranca-alimentar-2\\\/\",\"url\":\"https:\\\/\\\/ambiglobal.com\\\/web\\\/seguranca-alimentar-2\\\/\",\"name\":\"Seguran\u00e7a Alimentar - Ambiglobal\",\"isPartOf\":{\"@id\":\"https:\\\/\\\/ambiglobal.com\\\/web\\\/#website\"},\"primaryImageOfPage\":{\"@id\":\"https:\\\/\\\/ambiglobal.com\\\/web\\\/seguranca-alimentar-2\\\/#primaryimage\"},\"image\":{\"@id\":\"https:\\\/\\\/ambiglobal.com\\\/web\\\/seguranca-alimentar-2\\\/#primaryimage\"},\"thumbnailUrl\":\"https:\\\/\\\/ambiglobal.com\\\/web\\\/wp-content\\\/uploads\\\/2022\\\/08\\\/image-3.png\",\"datePublished\":\"2022-06-12T17:32:55+00:00\",\"dateModified\":\"2022-12-08T17:32:56+00:00\",\"description\":\"Sabe quais os benef\u00edcios de um Servi\u00e7o de Seguran\u00e7a Alimentar? A imagem do seu neg\u00f3cio muda. Podemos ajudar!\",\"breadcrumb\":{\"@id\":\"https:\\\/\\\/ambiglobal.com\\\/web\\\/seguranca-alimentar-2\\\/#breadcrumb\"},\"inLanguage\":\"pt-PT\",\"potentialAction\":[{\"@type\":\"ReadAction\",\"target\":[\"https:\\\/\\\/ambiglobal.com\\\/web\\\/seguranca-alimentar-2\\\/\"]}]},{\"@type\":\"ImageObject\",\"inLanguage\":\"pt-PT\",\"@id\":\"https:\\\/\\\/ambiglobal.com\\\/web\\\/seguranca-alimentar-2\\\/#primaryimage\",\"url\":\"https:\\\/\\\/ambiglobal.com\\\/web\\\/wp-content\\\/uploads\\\/2022\\\/08\\\/image-3.png\",\"contentUrl\":\"https:\\\/\\\/ambiglobal.com\\\/web\\\/wp-content\\\/uploads\\\/2022\\\/08\\\/image-3.png\",\"width\":800,\"height\":600,\"caption\":\"Medicina do Trabalho Ambiglobal\"},{\"@type\":\"BreadcrumbList\",\"@id\":\"https:\\\/\\\/ambiglobal.com\\\/web\\\/seguranca-alimentar-2\\\/#breadcrumb\",\"itemListElement\":[{\"@type\":\"ListItem\",\"position\":1,\"name\":\"In\u00edcio\",\"item\":\"https:\\\/\\\/ambiglobal.com\\\/web\\\/\"},{\"@type\":\"ListItem\",\"position\":2,\"name\":\"Seguran\u00e7a Alimentar\"}]},{\"@type\":\"WebSite\",\"@id\":\"https:\\\/\\\/ambiglobal.com\\\/web\\\/#website\",\"url\":\"https:\\\/\\\/ambiglobal.com\\\/web\\\/\",\"name\":\"Ambiglobal\",\"description\":\"Medicina, Seguran\u00e7a e Forma\u00e7\u00e3o\",\"publisher\":{\"@id\":\"https:\\\/\\\/ambiglobal.com\\\/web\\\/#organization\"},\"potentialAction\":[{\"@type\":\"SearchAction\",\"target\":{\"@type\":\"EntryPoint\",\"urlTemplate\":\"https:\\\/\\\/ambiglobal.com\\\/web\\\/?s={search_term_string}\"},\"query-input\":{\"@type\":\"PropertyValueSpecification\",\"valueRequired\":true,\"valueName\":\"search_term_string\"}}],\"inLanguage\":\"pt-PT\"},{\"@type\":\"Organization\",\"@id\":\"https:\\\/\\\/ambiglobal.com\\\/web\\\/#organization\",\"name\":\"Ambiglobal\",\"url\":\"https:\\\/\\\/ambiglobal.com\\\/web\\\/\",\"logo\":{\"@type\":\"ImageObject\",\"inLanguage\":\"pt-PT\",\"@id\":\"https:\\\/\\\/ambiglobal.com\\\/web\\\/#\\\/schema\\\/logo\\\/image\\\/\",\"url\":\"https:\\\/\\\/ambiglobal.com\\\/web\\\/wp-content\\\/uploads\\\/2020\\\/12\\\/neve-doctor-logo-2.png\",\"contentUrl\":\"https:\\\/\\\/ambiglobal.com\\\/web\\\/wp-content\\\/uploads\\\/2020\\\/12\\\/neve-doctor-logo-2.png\",\"width\":200,\"height\":200,\"caption\":\"Ambiglobal\"},\"image\":{\"@id\":\"https:\\\/\\\/ambiglobal.com\\\/web\\\/#\\\/schema\\\/logo\\\/image\\\/\"}}]}<\/script>\n<!-- \/ Yoast SEO plugin. -->","yoast_head_json":{"title":"Seguran\u00e7a Alimentar - Ambiglobal","description":"Sabe quais os benef\u00edcios de um Servi\u00e7o de Seguran\u00e7a Alimentar? A imagem do seu neg\u00f3cio muda. Podemos ajudar!","robots":{"index":"index","follow":"follow","max-snippet":"max-snippet:-1","max-image-preview":"max-image-preview:large","max-video-preview":"max-video-preview:-1"},"canonical":"https:\/\/ambiglobal.com\/web\/seguranca-alimentar-2\/","og_locale":"pt_PT","og_type":"article","og_title":"Seguran\u00e7a Alimentar - Ambiglobal","og_description":"Sabe quais os benef\u00edcios de um Servi\u00e7o de Seguran\u00e7a Alimentar? A imagem do seu neg\u00f3cio muda. Podemos ajudar!","og_url":"https:\/\/ambiglobal.com\/web\/seguranca-alimentar-2\/","og_site_name":"Ambiglobal","article_modified_time":"2022-12-08T17:32:56+00:00","og_image":[{"url":"https:\/\/ambiglobal.com\/web\/wp-content\/uploads\/2022\/08\/image-3.png","type":"","width":"","height":""}],"twitter_card":"summary_large_image","twitter_misc":{"Tempo estimado de leitura":"3 minutos"},"schema":{"@context":"https:\/\/schema.org","@graph":[{"@type":"WebPage","@id":"https:\/\/ambiglobal.com\/web\/seguranca-alimentar-2\/","url":"https:\/\/ambiglobal.com\/web\/seguranca-alimentar-2\/","name":"Seguran\u00e7a Alimentar - Ambiglobal","isPartOf":{"@id":"https:\/\/ambiglobal.com\/web\/#website"},"primaryImageOfPage":{"@id":"https:\/\/ambiglobal.com\/web\/seguranca-alimentar-2\/#primaryimage"},"image":{"@id":"https:\/\/ambiglobal.com\/web\/seguranca-alimentar-2\/#primaryimage"},"thumbnailUrl":"https:\/\/ambiglobal.com\/web\/wp-content\/uploads\/2022\/08\/image-3.png","datePublished":"2022-06-12T17:32:55+00:00","dateModified":"2022-12-08T17:32:56+00:00","description":"Sabe quais os benef\u00edcios de um Servi\u00e7o de Seguran\u00e7a Alimentar? A imagem do seu neg\u00f3cio muda. Podemos ajudar!","breadcrumb":{"@id":"https:\/\/ambiglobal.com\/web\/seguranca-alimentar-2\/#breadcrumb"},"inLanguage":"pt-PT","potentialAction":[{"@type":"ReadAction","target":["https:\/\/ambiglobal.com\/web\/seguranca-alimentar-2\/"]}]},{"@type":"ImageObject","inLanguage":"pt-PT","@id":"https:\/\/ambiglobal.com\/web\/seguranca-alimentar-2\/#primaryimage","url":"https:\/\/ambiglobal.com\/web\/wp-content\/uploads\/2022\/08\/image-3.png","contentUrl":"https:\/\/ambiglobal.com\/web\/wp-content\/uploads\/2022\/08\/image-3.png","width":800,"height":600,"caption":"Medicina do Trabalho Ambiglobal"},{"@type":"BreadcrumbList","@id":"https:\/\/ambiglobal.com\/web\/seguranca-alimentar-2\/#breadcrumb","itemListElement":[{"@type":"ListItem","position":1,"name":"In\u00edcio","item":"https:\/\/ambiglobal.com\/web\/"},{"@type":"ListItem","position":2,"name":"Seguran\u00e7a Alimentar"}]},{"@type":"WebSite","@id":"https:\/\/ambiglobal.com\/web\/#website","url":"https:\/\/ambiglobal.com\/web\/","name":"Ambiglobal","description":"Medicina, Seguran\u00e7a e Forma\u00e7\u00e3o","publisher":{"@id":"https:\/\/ambiglobal.com\/web\/#organization"},"potentialAction":[{"@type":"SearchAction","target":{"@type":"EntryPoint","urlTemplate":"https:\/\/ambiglobal.com\/web\/?s={search_term_string}"},"query-input":{"@type":"PropertyValueSpecification","valueRequired":true,"valueName":"search_term_string"}}],"inLanguage":"pt-PT"},{"@type":"Organization","@id":"https:\/\/ambiglobal.com\/web\/#organization","name":"Ambiglobal","url":"https:\/\/ambiglobal.com\/web\/","logo":{"@type":"ImageObject","inLanguage":"pt-PT","@id":"https:\/\/ambiglobal.com\/web\/#\/schema\/logo\/image\/","url":"https:\/\/ambiglobal.com\/web\/wp-content\/uploads\/2020\/12\/neve-doctor-logo-2.png","contentUrl":"https:\/\/ambiglobal.com\/web\/wp-content\/uploads\/2020\/12\/neve-doctor-logo-2.png","width":200,"height":200,"caption":"Ambiglobal"},"image":{"@id":"https:\/\/ambiglobal.com\/web\/#\/schema\/logo\/image\/"}}]}},"_links":{"self":[{"href":"https:\/\/ambiglobal.com\/web\/wp-json\/wp\/v2\/pages\/365","targetHints":{"allow":["GET"]}}],"collection":[{"href":"https:\/\/ambiglobal.com\/web\/wp-json\/wp\/v2\/pages"}],"about":[{"href":"https:\/\/ambiglobal.com\/web\/wp-json\/wp\/v2\/types\/page"}],"author":[{"embeddable":true,"href":"https:\/\/ambiglobal.com\/web\/wp-json\/wp\/v2\/users\/1"}],"replies":[{"embeddable":true,"href":"https:\/\/ambiglobal.com\/web\/wp-json\/wp\/v2\/comments?post=365"}],"version-history":[{"count":13,"href":"https:\/\/ambiglobal.com\/web\/wp-json\/wp\/v2\/pages\/365\/revisions"}],"predecessor-version":[{"id":998,"href":"https:\/\/ambiglobal.com\/web\/wp-json\/wp\/v2\/pages\/365\/revisions\/998"}],"wp:attachment":[{"href":"https:\/\/ambiglobal.com\/web\/wp-json\/wp\/v2\/media?parent=365"}],"curies":[{"name":"wp","href":"https:\/\/api.w.org\/{rel}","templated":true}]}}