{"id":573,"date":"2022-06-23T09:50:54","date_gmt":"2022-06-23T09:50:54","guid":{"rendered":"https:\/\/ambiglobal.com\/web\/?page_id=573"},"modified":"2023-05-08T13:20:13","modified_gmt":"2023-05-08T13:20:13","slug":"enquadramento-da-organizacao-empresa","status":"publish","type":"page","link":"https:\/\/ambiglobal.com\/web\/enquadramento-da-organizacao-empresa\/","title":{"rendered":""},"content":{"rendered":"\n<div id=\"wp-block-themeisle-blocks-advanced-columns-a52af72a\" class=\"wp-block-themeisle-blocks-advanced-columns alignfull has-1-columns has-desktop-equal-layout has-tablet-equal-layout has-mobile-collapsedRows-layout has-reverse-columns-mobile has-vertical-center ticss-c00aadba\"><div class=\"wp-block-themeisle-blocks-advanced-columns-overlay\"><\/div><div class=\"innerblocks-wrap\">\n<div id=\"wp-block-themeisle-blocks-advanced-column-b86cbbe7\" class=\"wp-block-themeisle-blocks-advanced-column\">\n<div style=\"height:100px\" aria-hidden=\"true\" class=\"wp-block-spacer\"><\/div>\n\n\n\n<h1 id=\"wp-block-themeisle-blocks-advanced-heading-fdf70f59\" class=\"wp-block-themeisle-blocks-advanced-heading wp-block-themeisle-blocks-advanced-heading-fdf70f59\">Enquadramento da Organiza\u00e7\u00e3o\/Empresa<\/h1>\n\n\n\n<p id=\"wp-block-themeisle-blocks-advanced-heading-bd7dc117\" class=\"wp-block-themeisle-blocks-advanced-heading wp-block-themeisle-blocks-advanced-heading-bd7dc117\">Conhe\u00e7a a nossa oferta formativa<\/p>\n\n\n\n<div class=\"wp-block-buttons is-content-justification-center is-layout-flex wp-container-core-buttons-is-layout-16018d1d wp-block-buttons-is-layout-flex\"><\/div>\n\n\n\n<div style=\"height:100px\" aria-hidden=\"true\" class=\"wp-block-spacer\"><\/div>\n<\/div>\n<\/div><\/div>\n\n\n\n<p><\/p>\n\n\n\n<h2 class=\"wp-block-heading\">Cursos Dispon\u00edveis<\/h2>\n\n\n\n<ul class=\"wp-block-list\">\n<li>Atendimento e Gest\u00e3o de Reclama\u00e7\u00f5es<\/li>\n\n\n\n<li>Gest\u00e3o de Stress e Controlo de Emo\u00e7\u00f5es<\/li>\n\n\n\n<li>Comunica\u00e7\u00e3o Assertiva<\/li>\n\n\n\n<li>Gest\u00e3o de Conflitos<\/li>\n\n\n\n<li>Lideran\u00e7a de Equipas<\/li>\n\n\n\n<li>Gest\u00e3o de Projetos<\/li>\n\n\n\n<li>Criatividade e Empreendedorismo<\/li>\n\n\n\n<li>Marketing Digital para Empresas<\/li>\n\n\n\n<li>Gest\u00e3o de Eventos<\/li>\n<\/ul>\n\n\n\n<div class=\"wp-block-columns is-layout-flex wp-container-core-columns-is-layout-9d6595d7 wp-block-columns-is-layout-flex\">\n<div class=\"wp-block-column is-layout-flow wp-block-column-is-layout-flow\" style=\"flex-basis:100%\">\n<p class=\"has-nv-light-bg-color has-neve-link-hover-color-background-color has-text-color has-background has-large-font-size\"><strong>Fale connosco! <\/strong><\/p>\n<\/div>\n<\/div>\n\n\n<div class=\"wpforms-container wpforms-container-full wpforms-block wpforms-block-65192603-b102-4967-91be-5bc8ddb054cd\" id=\"wpforms-344\"><form id=\"wpforms-form-344\" class=\"wpforms-validate wpforms-form wpforms-ajax-form\" data-formid=\"344\" method=\"post\" enctype=\"multipart\/form-data\" action=\"\/web\/wp-json\/wp\/v2\/pages\/573\" data-token=\"e74908cc4bc4280fe38421a552d36ed8\" data-token-time=\"1777502300\"><noscript class=\"wpforms-error-noscript\">Please enable JavaScript in your browser to complete this form.<\/noscript><div class=\"wpforms-field-container\"><div id=\"wpforms-344-field_0-container\" class=\"wpforms-field wpforms-field-name\" data-field-id=\"0\"><label class=\"wpforms-field-label\" for=\"wpforms-344-field_0\">Nome <span class=\"wpforms-required-label\">*<\/span><\/label><input type=\"text\" id=\"wpforms-344-field_0\" class=\"wpforms-field-medium wpforms-field-required\" name=\"wpforms[fields][0]\" required><\/div><div id=\"wpforms-344-field_1-container\" class=\"wpforms-field wpforms-field-email\" data-field-id=\"1\"><label class=\"wpforms-field-label\" for=\"wpforms-344-field_1\">Email <span class=\"wpforms-required-label\">*<\/span><\/label><input type=\"email\" id=\"wpforms-344-field_1\" class=\"wpforms-field-medium wpforms-field-required\" name=\"wpforms[fields][1]\" spellcheck=\"false\" required><\/div><div id=\"wpforms-344-field_3-container\" class=\"wpforms-field wpforms-field-select wpforms-field-select-style-classic\" data-field-id=\"3\"><label class=\"wpforms-field-label\" for=\"wpforms-344-field_3\">Escolha o seu curso<\/label><select id=\"wpforms-344-field_3\" class=\"wpforms-field-medium\" name=\"wpforms[fields][3]\"><option value=\"Forma\u00e7\u00e3o Pedag\u00f3gica Inicial de Formadores\"  class=\"choice-1 depth-1\"  >Forma\u00e7\u00e3o Pedag\u00f3gica Inicial de Formadores<\/option><option value=\"E-Formador\"  class=\"choice-2 depth-1\"  >E-Formador<\/option><option value=\"Gest\u00e3o da Forma\u00e7\u00e3o\"  class=\"choice-3 depth-1\"  >Gest\u00e3o da Forma\u00e7\u00e3o<\/option><option value=\"Curso de Socorrismo Europeu\"  class=\"choice-4 depth-1\"  >Curso de Socorrismo Europeu<\/option><option value=\"Primeiros Socorros\"  class=\"choice-16 depth-1\"  >Primeiros Socorros<\/option><option value=\"Suporte B\u00e1sico de Vida \u2013 Adulto\/ Pedi\u00e1trico\"  class=\"choice-15 depth-1\"  >Suporte B\u00e1sico de Vida \u2013 Adulto\/ Pedi\u00e1trico<\/option><option value=\"Suporte B\u00e1sico de Vida com Desfibrilhador Autom\u00e1tico de Emerg\u00eancia\"  class=\"choice-14 depth-1\"  >Suporte B\u00e1sico de Vida com Desfibrilhador Autom\u00e1tico de Emerg\u00eancia<\/option><option value=\"Primeiros Socorros com SBV \"  class=\"choice-13 depth-1\"  >Primeiros Socorros com SBV<\/option><option value=\"Cuidados de Sa\u00fade Infantil\"  class=\"choice-12 depth-1\"  >Cuidados de Sa\u00fade Infantil<\/option><option value=\"Cuidados na Sa\u00fade do Idoso\"  class=\"choice-11 depth-1\"  >Cuidados na Sa\u00fade do Idoso<\/option><option value=\"Primeiros Socorros Psicol\u00f3gicos\"  class=\"choice-10 depth-1\"  >Primeiros Socorros Psicol\u00f3gicos<\/option><option value=\"Cuidados na Sa\u00fade Mental\"  class=\"choice-9 depth-1\"  >Cuidados na Sa\u00fade Mental<\/option><option value=\"Gest\u00e3o do Stress e Burnout Profissional\"  class=\"choice-8 depth-1\"  >Gest\u00e3o do Stress e Burnout Profissional<\/option><option value=\"Lideran\u00e7a e Coaching\"  class=\"choice-7 depth-1\"  >Lideran\u00e7a e Coaching<\/option><option value=\"M\u00e9todo Kaizen: Melhoria Cont\u00ednua\"  class=\"choice-6 depth-1\"  >M\u00e9todo Kaizen: Melhoria Cont\u00ednua<\/option><option value=\"Comunica\u00e7\u00e3o Criativa\"  class=\"choice-5 depth-1\"  >Comunica\u00e7\u00e3o Criativa<\/option><option value=\"Gest\u00e3o da Mudan\u00e7a\"  class=\"choice-20 depth-1\"  >Gest\u00e3o da Mudan\u00e7a<\/option><option value=\"Mindfulness: Conhecer e Aplicar\"  class=\"choice-19 depth-1\"  >Mindfulness: Conhecer e Aplicar<\/option><option value=\"Motiva\u00e7\u00e3o para n\u00e3o Motivados\"  class=\"choice-18 depth-1\"  >Motiva\u00e7\u00e3o para n\u00e3o Motivados<\/option><option value=\"Pessoas Altamente Eficazes\"  class=\"choice-17 depth-1\"  >Pessoas Altamente Eficazes<\/option><option value=\"Desenvolver a Excel\u00eancia Pessoal e Profissional\"  class=\"choice-21 depth-1\"  >Desenvolver a Excel\u00eancia Pessoal e Profissional<\/option><option value=\"Melhoria Cont\u00ednua: Gest\u00e3o de Tempo\"  class=\"choice-24 depth-1\"  >Melhoria Cont\u00ednua: Gest\u00e3o de Tempo<\/option><option value=\"Atendimento e Gest\u00e3o de Reclama\u00e7\u00f5es\"  class=\"choice-23 depth-1\"  >Atendimento e Gest\u00e3o de Reclama\u00e7\u00f5es<\/option><option value=\"T\u00e9cnicas de Atendimento\"  class=\"choice-22 depth-1\"  >T\u00e9cnicas de Atendimento<\/option><option value=\"Gest\u00e3o de Reclama\u00e7\u00f5es\"  class=\"choice-28 depth-1\"  >Gest\u00e3o de Reclama\u00e7\u00f5es<\/option><option value=\"Comunica\u00e7\u00e3o Assertiva\"  class=\"choice-27 depth-1\"  >Comunica\u00e7\u00e3o Assertiva<\/option><option value=\"Gest\u00e3o de Recursos Humanos\"  class=\"choice-26 depth-1\"  >Gest\u00e3o de Recursos Humanos<\/option><option value=\"Gest\u00e3o de Projetos\"  class=\"choice-25 depth-1\"  >Gest\u00e3o de Projetos<\/option><option value=\"Cria\u00e7\u00e3o de Neg\u00f3cios\"  class=\"choice-30 depth-1\"  >Cria\u00e7\u00e3o de Neg\u00f3cios<\/option><option value=\"Gest\u00e3o de Eventos \"  class=\"choice-29 depth-1\"  >Gest\u00e3o de Eventos<\/option><\/select><\/div><\/div><!-- .wpforms-field-container --><div class=\"wpforms-submit-container\" ><input type=\"hidden\" name=\"wpforms[id]\" value=\"344\"><input type=\"hidden\" name=\"page_title\" value=\"\"><input type=\"hidden\" name=\"page_url\" value=\"https:\/\/ambiglobal.com\/web\/wp-json\/wp\/v2\/pages\/573\"><input type=\"hidden\" name=\"url_referer\" value=\"\"><button type=\"submit\" name=\"wpforms[submit]\" id=\"wpforms-submit-344\" class=\"wpforms-submit\" data-alt-text=\"Sending...\" data-submit-text=\"Submeter\" aria-live=\"assertive\" value=\"wpforms-submit\">Submeter<\/button><img loading=\"lazy\" decoding=\"async\" src=\"https:\/\/ambiglobal.com\/web\/wp-content\/plugins\/wpforms-lite\/assets\/images\/submit-spin.svg\" class=\"wpforms-submit-spinner\" style=\"display: none;\" width=\"26\" height=\"26\" alt=\"Loading\"><\/div><\/form><\/div>  <!-- .wpforms-container -->","protected":false},"excerpt":{"rendered":"<p>Cursos Dispon\u00edveis Fale connosco!<\/p>\n","protected":false},"author":1,"featured_media":0,"parent":0,"menu_order":0,"comment_status":"closed","ping_status":"open","template":"","meta":{"neve_meta_sidebar":"","neve_meta_container":"","neve_meta_enable_content_width":"","neve_meta_content_width":0,"neve_meta_title_alignment":"","neve_meta_author_avatar":"","neve_post_elements_order":"","neve_meta_disable_header":"","neve_meta_disable_footer":"","neve_meta_disable_title":"","_themeisle_gutenberg_block_has_review":false,"footnotes":""},"class_list":["post-573","page","type-page","status-publish","hentry"],"yoast_head":"<!-- This site is optimized with the Yoast SEO plugin v27.5 - https:\/\/yoast.com\/product\/yoast-seo-wordpress\/ -->\n<title>- Ambiglobal<\/title>\n<meta name=\"robots\" content=\"index, follow, max-snippet:-1, max-image-preview:large, max-video-preview:-1\" \/>\n<link rel=\"canonical\" href=\"https:\/\/ambiglobal.com\/web\/enquadramento-da-organizacao-empresa\/\" \/>\n<meta property=\"og:locale\" content=\"pt_PT\" \/>\n<meta property=\"og:type\" content=\"article\" \/>\n<meta property=\"og:title\" content=\"- Ambiglobal\" \/>\n<meta property=\"og:description\" content=\"Cursos Dispon\u00edveis Fale connosco!\" \/>\n<meta property=\"og:url\" content=\"https:\/\/ambiglobal.com\/web\/enquadramento-da-organizacao-empresa\/\" \/>\n<meta property=\"og:site_name\" content=\"Ambiglobal\" \/>\n<meta property=\"article:modified_time\" content=\"2023-05-08T13:20:13+00:00\" \/>\n<meta name=\"twitter:card\" content=\"summary_large_image\" \/>\n<meta name=\"twitter:label1\" content=\"Tempo estimado de leitura\" \/>\n\t<meta name=\"twitter:data1\" content=\"1 minuto\" \/>\n<script type=\"application\/ld+json\" class=\"yoast-schema-graph\">{\"@context\":\"https:\\\/\\\/schema.org\",\"@graph\":[{\"@type\":\"WebPage\",\"@id\":\"https:\\\/\\\/ambiglobal.com\\\/web\\\/enquadramento-da-organizacao-empresa\\\/\",\"url\":\"https:\\\/\\\/ambiglobal.com\\\/web\\\/enquadramento-da-organizacao-empresa\\\/\",\"name\":\"- Ambiglobal\",\"isPartOf\":{\"@id\":\"https:\\\/\\\/ambiglobal.com\\\/web\\\/#website\"},\"datePublished\":\"2022-06-23T09:50:54+00:00\",\"dateModified\":\"2023-05-08T13:20:13+00:00\",\"inLanguage\":\"pt-PT\",\"potentialAction\":[{\"@type\":\"ReadAction\",\"target\":[\"https:\\\/\\\/ambiglobal.com\\\/web\\\/enquadramento-da-organizacao-empresa\\\/\"]}]},{\"@type\":\"WebSite\",\"@id\":\"https:\\\/\\\/ambiglobal.com\\\/web\\\/#website\",\"url\":\"https:\\\/\\\/ambiglobal.com\\\/web\\\/\",\"name\":\"Ambiglobal\",\"description\":\"Medicina, Seguran\u00e7a e Forma\u00e7\u00e3o\",\"publisher\":{\"@id\":\"https:\\\/\\\/ambiglobal.com\\\/web\\\/#organization\"},\"potentialAction\":[{\"@type\":\"SearchAction\",\"target\":{\"@type\":\"EntryPoint\",\"urlTemplate\":\"https:\\\/\\\/ambiglobal.com\\\/web\\\/?s={search_term_string}\"},\"query-input\":{\"@type\":\"PropertyValueSpecification\",\"valueRequired\":true,\"valueName\":\"search_term_string\"}}],\"inLanguage\":\"pt-PT\"},{\"@type\":\"Organization\",\"@id\":\"https:\\\/\\\/ambiglobal.com\\\/web\\\/#organization\",\"name\":\"Ambiglobal\",\"url\":\"https:\\\/\\\/ambiglobal.com\\\/web\\\/\",\"logo\":{\"@type\":\"ImageObject\",\"inLanguage\":\"pt-PT\",\"@id\":\"https:\\\/\\\/ambiglobal.com\\\/web\\\/#\\\/schema\\\/logo\\\/image\\\/\",\"url\":\"https:\\\/\\\/ambiglobal.com\\\/web\\\/wp-content\\\/uploads\\\/2020\\\/12\\\/neve-doctor-logo-2.png\",\"contentUrl\":\"https:\\\/\\\/ambiglobal.com\\\/web\\\/wp-content\\\/uploads\\\/2020\\\/12\\\/neve-doctor-logo-2.png\",\"width\":200,\"height\":200,\"caption\":\"Ambiglobal\"},\"image\":{\"@id\":\"https:\\\/\\\/ambiglobal.com\\\/web\\\/#\\\/schema\\\/logo\\\/image\\\/\"}}]}<\/script>\n<!-- \/ Yoast SEO plugin. -->","yoast_head_json":{"title":"- Ambiglobal","robots":{"index":"index","follow":"follow","max-snippet":"max-snippet:-1","max-image-preview":"max-image-preview:large","max-video-preview":"max-video-preview:-1"},"canonical":"https:\/\/ambiglobal.com\/web\/enquadramento-da-organizacao-empresa\/","og_locale":"pt_PT","og_type":"article","og_title":"- Ambiglobal","og_description":"Cursos Dispon\u00edveis Fale connosco!","og_url":"https:\/\/ambiglobal.com\/web\/enquadramento-da-organizacao-empresa\/","og_site_name":"Ambiglobal","article_modified_time":"2023-05-08T13:20:13+00:00","twitter_card":"summary_large_image","twitter_misc":{"Tempo estimado de leitura":"1 minuto"},"schema":{"@context":"https:\/\/schema.org","@graph":[{"@type":"WebPage","@id":"https:\/\/ambiglobal.com\/web\/enquadramento-da-organizacao-empresa\/","url":"https:\/\/ambiglobal.com\/web\/enquadramento-da-organizacao-empresa\/","name":"- Ambiglobal","isPartOf":{"@id":"https:\/\/ambiglobal.com\/web\/#website"},"datePublished":"2022-06-23T09:50:54+00:00","dateModified":"2023-05-08T13:20:13+00:00","inLanguage":"pt-PT","potentialAction":[{"@type":"ReadAction","target":["https:\/\/ambiglobal.com\/web\/enquadramento-da-organizacao-empresa\/"]}]},{"@type":"WebSite","@id":"https:\/\/ambiglobal.com\/web\/#website","url":"https:\/\/ambiglobal.com\/web\/","name":"Ambiglobal","description":"Medicina, Seguran\u00e7a e Forma\u00e7\u00e3o","publisher":{"@id":"https:\/\/ambiglobal.com\/web\/#organization"},"potentialAction":[{"@type":"SearchAction","target":{"@type":"EntryPoint","urlTemplate":"https:\/\/ambiglobal.com\/web\/?s={search_term_string}"},"query-input":{"@type":"PropertyValueSpecification","valueRequired":true,"valueName":"search_term_string"}}],"inLanguage":"pt-PT"},{"@type":"Organization","@id":"https:\/\/ambiglobal.com\/web\/#organization","name":"Ambiglobal","url":"https:\/\/ambiglobal.com\/web\/","logo":{"@type":"ImageObject","inLanguage":"pt-PT","@id":"https:\/\/ambiglobal.com\/web\/#\/schema\/logo\/image\/","url":"https:\/\/ambiglobal.com\/web\/wp-content\/uploads\/2020\/12\/neve-doctor-logo-2.png","contentUrl":"https:\/\/ambiglobal.com\/web\/wp-content\/uploads\/2020\/12\/neve-doctor-logo-2.png","width":200,"height":200,"caption":"Ambiglobal"},"image":{"@id":"https:\/\/ambiglobal.com\/web\/#\/schema\/logo\/image\/"}}]}},"_links":{"self":[{"href":"https:\/\/ambiglobal.com\/web\/wp-json\/wp\/v2\/pages\/573","targetHints":{"allow":["GET"]}}],"collection":[{"href":"https:\/\/ambiglobal.com\/web\/wp-json\/wp\/v2\/pages"}],"about":[{"href":"https:\/\/ambiglobal.com\/web\/wp-json\/wp\/v2\/types\/page"}],"author":[{"embeddable":true,"href":"https:\/\/ambiglobal.com\/web\/wp-json\/wp\/v2\/users\/1"}],"replies":[{"embeddable":true,"href":"https:\/\/ambiglobal.com\/web\/wp-json\/wp\/v2\/comments?post=573"}],"version-history":[{"count":4,"href":"https:\/\/ambiglobal.com\/web\/wp-json\/wp\/v2\/pages\/573\/revisions"}],"predecessor-version":[{"id":1152,"href":"https:\/\/ambiglobal.com\/web\/wp-json\/wp\/v2\/pages\/573\/revisions\/1152"}],"wp:attachment":[{"href":"https:\/\/ambiglobal.com\/web\/wp-json\/wp\/v2\/media?parent=573"}],"curies":[{"name":"wp","href":"https:\/\/api.w.org\/{rel}","templated":true}]}}