{"id":990,"date":"2022-12-08T17:22:41","date_gmt":"2022-12-08T17:22:41","guid":{"rendered":"https:\/\/ambiglobal.com\/web\/?page_id=990"},"modified":"2022-12-08T17:22:41","modified_gmt":"2022-12-08T17:22:41","slug":"medicina-do-trabalho","status":"publish","type":"page","link":"https:\/\/ambiglobal.com\/web\/medicina-do-trabalho\/","title":{"rendered":"Medicina do Trabalho"},"content":{"rendered":"\n\n\n<div id=\"wp-block-themeisle-blocks-advanced-columns-b59cb4f4\" class=\"wp-block-themeisle-blocks-advanced-columns has-2-columns has-desktop-equal-layout has-tablet-equal-layout has-mobile-collapsedRows-layout has-vertical-center\"><div class=\"wp-block-themeisle-blocks-advanced-columns-overlay\"><\/div><div class=\"innerblocks-wrap\">\n\n<div id=\"wp-block-themeisle-blocks-advanced-column-eb7de5a4\" class=\"wp-block-themeisle-blocks-advanced-column\">\n\n<h3 class=\"has-x-large-font-size wp-block-heading\">Medicina do trabalho<\/h3>\n\n\n<p>O&nbsp;servi\u00e7o de&nbsp;<strong>Medicina do Trabalho<\/strong> desenvolvido pela Ambiglobal&nbsp;nos e para seus clientes, visa&nbsp;a preven\u00e7\u00e3o de doen\u00e7as profissionais e&nbsp;a promo\u00e7\u00e3o de h\u00e1bitos de vida saud\u00e1veis.<\/p>\n\n\n<p>Este servi\u00e7o \u00e9&nbsp;realizado por <strong>M\u00e9dicos (as)&nbsp;especialistas<\/strong> em&nbsp;Medicina no Trabalho,&nbsp;coadjuvados por <strong>Enfermeiro (a) do Trabalho<\/strong>, o que permite assegurar&nbsp;um elevado n\u00edvel de qualidade.<\/p>\n\n\n<p class=\"has-text-align-left\">Segundo estat\u00edsticas publicadas pelo EUROSTAT, na UE, morrem anualmente 5 720 pessoas na sequ\u00eancia de acidentes relacionados com o trabalho. Al\u00e9m disso, de acordo com a Organiza\u00e7\u00e3o Internacional do Trabalho, morrem ainda anualmente 159 500 trabalhadores na UE devido a doen\u00e7as ocupacionais. Por conseguinte, tomando os dois n\u00fameros em considera\u00e7\u00e3o, cada tr\u00eas minutos e meio morre algu\u00e9m na UE devido a causas relacionadas com o trabalho. A maior parte destes acidentes e doen\u00e7as \u00e9 evit\u00e1vel, e o primeiro passo para a sua preven\u00e7\u00e3o consiste na avalia\u00e7\u00e3o de riscos.<\/p>\n\n<\/div>\n\n\n<div id=\"wp-block-themeisle-blocks-advanced-column-60d0f55e\" class=\"wp-block-themeisle-blocks-advanced-column\">\n\n<figure class=\"wp-block-image size-large\"><img loading=\"lazy\" decoding=\"async\" width=\"1024\" height=\"683\" src=\"https:\/\/ambiglobal.com\/web\/wp-content\/uploads\/2022\/08\/seguranca-e-saude-ocupacional-1024x683.jpg\" alt=\"\" class=\"wp-image-714\" srcset=\"https:\/\/ambiglobal.com\/web\/wp-content\/uploads\/2022\/08\/seguranca-e-saude-ocupacional-1024x683.jpg 1024w, https:\/\/ambiglobal.com\/web\/wp-content\/uploads\/2022\/08\/seguranca-e-saude-ocupacional-300x200.jpg 300w, https:\/\/ambiglobal.com\/web\/wp-content\/uploads\/2022\/08\/seguranca-e-saude-ocupacional-768x512.jpg 768w, https:\/\/ambiglobal.com\/web\/wp-content\/uploads\/2022\/08\/seguranca-e-saude-ocupacional-930x620.jpg 930w, https:\/\/ambiglobal.com\/web\/wp-content\/uploads\/2022\/08\/seguranca-e-saude-ocupacional.jpg 1200w\" sizes=\"auto, (max-width: 1024px) 100vw, 1024px\" \/><\/figure>\n\n<\/div>\n\n<\/div><\/div>\n","protected":false},"excerpt":{"rendered":"","protected":false},"author":3,"featured_media":0,"parent":0,"menu_order":0,"comment_status":"closed","ping_status":"closed","template":"","meta":{"neve_meta_sidebar":"","neve_meta_container":"","neve_meta_enable_content_width":"","neve_meta_content_width":0,"neve_meta_title_alignment":"","neve_meta_author_avatar":"","neve_post_elements_order":"","neve_meta_disable_header":"","neve_meta_disable_footer":"","neve_meta_disable_title":"","_themeisle_gutenberg_block_has_review":false,"footnotes":""},"class_list":["post-990","page","type-page","status-publish","hentry"],"yoast_head":"<!-- This site is optimized with the Yoast SEO plugin v27.5 - https:\/\/yoast.com\/product\/yoast-seo-wordpress\/ -->\n<title>Medicina do Trabalho - Ambiglobal<\/title>\n<meta name=\"description\" content=\"O servi\u00e7o de Medicina do Trabalho desenvolvido pela Ambiglobal nos e para seus clientes, visa a preven\u00e7\u00e3o de doen\u00e7as profissionais.\" \/>\n<meta name=\"robots\" content=\"index, follow, max-snippet:-1, max-image-preview:large, max-video-preview:-1\" \/>\n<link rel=\"canonical\" href=\"https:\/\/ambiglobal.com\/web\/medicina-do-trabalho\/\" \/>\n<meta property=\"og:locale\" content=\"pt_PT\" \/>\n<meta property=\"og:type\" content=\"article\" \/>\n<meta property=\"og:title\" content=\"Medicina do Trabalho - Ambiglobal\" \/>\n<meta property=\"og:description\" content=\"O servi\u00e7o de Medicina do Trabalho desenvolvido pela Ambiglobal nos e para seus clientes, visa a preven\u00e7\u00e3o de doen\u00e7as profissionais.\" \/>\n<meta property=\"og:url\" content=\"https:\/\/ambiglobal.com\/web\/medicina-do-trabalho\/\" \/>\n<meta property=\"og:site_name\" content=\"Ambiglobal\" \/>\n<meta property=\"og:image\" content=\"https:\/\/ambiglobal.com\/web\/wp-content\/uploads\/2022\/08\/seguranca-e-saude-ocupacional-1024x683.jpg\" \/>\n<meta name=\"twitter:card\" content=\"summary_large_image\" \/>\n<meta name=\"twitter:label1\" content=\"Tempo estimado de leitura\" \/>\n\t<meta name=\"twitter:data1\" content=\"2 minutos\" \/>\n<script type=\"application\/ld+json\" class=\"yoast-schema-graph\">{\"@context\":\"https:\\\/\\\/schema.org\",\"@graph\":[{\"@type\":\"WebPage\",\"@id\":\"https:\\\/\\\/ambiglobal.com\\\/web\\\/medicina-do-trabalho\\\/\",\"url\":\"https:\\\/\\\/ambiglobal.com\\\/web\\\/medicina-do-trabalho\\\/\",\"name\":\"Medicina do Trabalho - Ambiglobal\",\"isPartOf\":{\"@id\":\"https:\\\/\\\/ambiglobal.com\\\/web\\\/#website\"},\"primaryImageOfPage\":{\"@id\":\"https:\\\/\\\/ambiglobal.com\\\/web\\\/medicina-do-trabalho\\\/#primaryimage\"},\"image\":{\"@id\":\"https:\\\/\\\/ambiglobal.com\\\/web\\\/medicina-do-trabalho\\\/#primaryimage\"},\"thumbnailUrl\":\"https:\\\/\\\/ambiglobal.com\\\/web\\\/wp-content\\\/uploads\\\/2022\\\/08\\\/seguranca-e-saude-ocupacional-1024x683.jpg\",\"datePublished\":\"2022-12-08T17:22:41+00:00\",\"description\":\"O servi\u00e7o de Medicina do Trabalho desenvolvido pela Ambiglobal nos e para seus clientes, visa a preven\u00e7\u00e3o de doen\u00e7as profissionais.\",\"breadcrumb\":{\"@id\":\"https:\\\/\\\/ambiglobal.com\\\/web\\\/medicina-do-trabalho\\\/#breadcrumb\"},\"inLanguage\":\"pt-PT\",\"potentialAction\":[{\"@type\":\"ReadAction\",\"target\":[\"https:\\\/\\\/ambiglobal.com\\\/web\\\/medicina-do-trabalho\\\/\"]}]},{\"@type\":\"ImageObject\",\"inLanguage\":\"pt-PT\",\"@id\":\"https:\\\/\\\/ambiglobal.com\\\/web\\\/medicina-do-trabalho\\\/#primaryimage\",\"url\":\"https:\\\/\\\/ambiglobal.com\\\/web\\\/wp-content\\\/uploads\\\/2022\\\/08\\\/seguranca-e-saude-ocupacional.jpg\",\"contentUrl\":\"https:\\\/\\\/ambiglobal.com\\\/web\\\/wp-content\\\/uploads\\\/2022\\\/08\\\/seguranca-e-saude-ocupacional.jpg\",\"width\":1200,\"height\":800,\"caption\":\"Medicina do Trabalho Ambiglobal\"},{\"@type\":\"BreadcrumbList\",\"@id\":\"https:\\\/\\\/ambiglobal.com\\\/web\\\/medicina-do-trabalho\\\/#breadcrumb\",\"itemListElement\":[{\"@type\":\"ListItem\",\"position\":1,\"name\":\"In\u00edcio\",\"item\":\"https:\\\/\\\/ambiglobal.com\\\/web\\\/\"},{\"@type\":\"ListItem\",\"position\":2,\"name\":\"Medicina do Trabalho\"}]},{\"@type\":\"WebSite\",\"@id\":\"https:\\\/\\\/ambiglobal.com\\\/web\\\/#website\",\"url\":\"https:\\\/\\\/ambiglobal.com\\\/web\\\/\",\"name\":\"Ambiglobal\",\"description\":\"Medicina, Seguran\u00e7a e Forma\u00e7\u00e3o\",\"publisher\":{\"@id\":\"https:\\\/\\\/ambiglobal.com\\\/web\\\/#organization\"},\"potentialAction\":[{\"@type\":\"SearchAction\",\"target\":{\"@type\":\"EntryPoint\",\"urlTemplate\":\"https:\\\/\\\/ambiglobal.com\\\/web\\\/?s={search_term_string}\"},\"query-input\":{\"@type\":\"PropertyValueSpecification\",\"valueRequired\":true,\"valueName\":\"search_term_string\"}}],\"inLanguage\":\"pt-PT\"},{\"@type\":\"Organization\",\"@id\":\"https:\\\/\\\/ambiglobal.com\\\/web\\\/#organization\",\"name\":\"Ambiglobal\",\"url\":\"https:\\\/\\\/ambiglobal.com\\\/web\\\/\",\"logo\":{\"@type\":\"ImageObject\",\"inLanguage\":\"pt-PT\",\"@id\":\"https:\\\/\\\/ambiglobal.com\\\/web\\\/#\\\/schema\\\/logo\\\/image\\\/\",\"url\":\"https:\\\/\\\/ambiglobal.com\\\/web\\\/wp-content\\\/uploads\\\/2020\\\/12\\\/neve-doctor-logo-2.png\",\"contentUrl\":\"https:\\\/\\\/ambiglobal.com\\\/web\\\/wp-content\\\/uploads\\\/2020\\\/12\\\/neve-doctor-logo-2.png\",\"width\":200,\"height\":200,\"caption\":\"Ambiglobal\"},\"image\":{\"@id\":\"https:\\\/\\\/ambiglobal.com\\\/web\\\/#\\\/schema\\\/logo\\\/image\\\/\"}}]}<\/script>\n<!-- \/ Yoast SEO plugin. -->","yoast_head_json":{"title":"Medicina do Trabalho - Ambiglobal","description":"O servi\u00e7o de Medicina do Trabalho desenvolvido pela Ambiglobal nos e para seus clientes, visa a preven\u00e7\u00e3o de doen\u00e7as profissionais.","robots":{"index":"index","follow":"follow","max-snippet":"max-snippet:-1","max-image-preview":"max-image-preview:large","max-video-preview":"max-video-preview:-1"},"canonical":"https:\/\/ambiglobal.com\/web\/medicina-do-trabalho\/","og_locale":"pt_PT","og_type":"article","og_title":"Medicina do Trabalho - Ambiglobal","og_description":"O servi\u00e7o de Medicina do Trabalho desenvolvido pela Ambiglobal nos e para seus clientes, visa a preven\u00e7\u00e3o de doen\u00e7as profissionais.","og_url":"https:\/\/ambiglobal.com\/web\/medicina-do-trabalho\/","og_site_name":"Ambiglobal","og_image":[{"url":"https:\/\/ambiglobal.com\/web\/wp-content\/uploads\/2022\/08\/seguranca-e-saude-ocupacional-1024x683.jpg","type":"","width":"","height":""}],"twitter_card":"summary_large_image","twitter_misc":{"Tempo estimado de leitura":"2 minutos"},"schema":{"@context":"https:\/\/schema.org","@graph":[{"@type":"WebPage","@id":"https:\/\/ambiglobal.com\/web\/medicina-do-trabalho\/","url":"https:\/\/ambiglobal.com\/web\/medicina-do-trabalho\/","name":"Medicina do Trabalho - Ambiglobal","isPartOf":{"@id":"https:\/\/ambiglobal.com\/web\/#website"},"primaryImageOfPage":{"@id":"https:\/\/ambiglobal.com\/web\/medicina-do-trabalho\/#primaryimage"},"image":{"@id":"https:\/\/ambiglobal.com\/web\/medicina-do-trabalho\/#primaryimage"},"thumbnailUrl":"https:\/\/ambiglobal.com\/web\/wp-content\/uploads\/2022\/08\/seguranca-e-saude-ocupacional-1024x683.jpg","datePublished":"2022-12-08T17:22:41+00:00","description":"O servi\u00e7o de Medicina do Trabalho desenvolvido pela Ambiglobal nos e para seus clientes, visa a preven\u00e7\u00e3o de doen\u00e7as profissionais.","breadcrumb":{"@id":"https:\/\/ambiglobal.com\/web\/medicina-do-trabalho\/#breadcrumb"},"inLanguage":"pt-PT","potentialAction":[{"@type":"ReadAction","target":["https:\/\/ambiglobal.com\/web\/medicina-do-trabalho\/"]}]},{"@type":"ImageObject","inLanguage":"pt-PT","@id":"https:\/\/ambiglobal.com\/web\/medicina-do-trabalho\/#primaryimage","url":"https:\/\/ambiglobal.com\/web\/wp-content\/uploads\/2022\/08\/seguranca-e-saude-ocupacional.jpg","contentUrl":"https:\/\/ambiglobal.com\/web\/wp-content\/uploads\/2022\/08\/seguranca-e-saude-ocupacional.jpg","width":1200,"height":800,"caption":"Medicina do Trabalho Ambiglobal"},{"@type":"BreadcrumbList","@id":"https:\/\/ambiglobal.com\/web\/medicina-do-trabalho\/#breadcrumb","itemListElement":[{"@type":"ListItem","position":1,"name":"In\u00edcio","item":"https:\/\/ambiglobal.com\/web\/"},{"@type":"ListItem","position":2,"name":"Medicina do Trabalho"}]},{"@type":"WebSite","@id":"https:\/\/ambiglobal.com\/web\/#website","url":"https:\/\/ambiglobal.com\/web\/","name":"Ambiglobal","description":"Medicina, Seguran\u00e7a e Forma\u00e7\u00e3o","publisher":{"@id":"https:\/\/ambiglobal.com\/web\/#organization"},"potentialAction":[{"@type":"SearchAction","target":{"@type":"EntryPoint","urlTemplate":"https:\/\/ambiglobal.com\/web\/?s={search_term_string}"},"query-input":{"@type":"PropertyValueSpecification","valueRequired":true,"valueName":"search_term_string"}}],"inLanguage":"pt-PT"},{"@type":"Organization","@id":"https:\/\/ambiglobal.com\/web\/#organization","name":"Ambiglobal","url":"https:\/\/ambiglobal.com\/web\/","logo":{"@type":"ImageObject","inLanguage":"pt-PT","@id":"https:\/\/ambiglobal.com\/web\/#\/schema\/logo\/image\/","url":"https:\/\/ambiglobal.com\/web\/wp-content\/uploads\/2020\/12\/neve-doctor-logo-2.png","contentUrl":"https:\/\/ambiglobal.com\/web\/wp-content\/uploads\/2020\/12\/neve-doctor-logo-2.png","width":200,"height":200,"caption":"Ambiglobal"},"image":{"@id":"https:\/\/ambiglobal.com\/web\/#\/schema\/logo\/image\/"}}]}},"_links":{"self":[{"href":"https:\/\/ambiglobal.com\/web\/wp-json\/wp\/v2\/pages\/990","targetHints":{"allow":["GET"]}}],"collection":[{"href":"https:\/\/ambiglobal.com\/web\/wp-json\/wp\/v2\/pages"}],"about":[{"href":"https:\/\/ambiglobal.com\/web\/wp-json\/wp\/v2\/types\/page"}],"author":[{"embeddable":true,"href":"https:\/\/ambiglobal.com\/web\/wp-json\/wp\/v2\/users\/3"}],"replies":[{"embeddable":true,"href":"https:\/\/ambiglobal.com\/web\/wp-json\/wp\/v2\/comments?post=990"}],"version-history":[{"count":1,"href":"https:\/\/ambiglobal.com\/web\/wp-json\/wp\/v2\/pages\/990\/revisions"}],"predecessor-version":[{"id":992,"href":"https:\/\/ambiglobal.com\/web\/wp-json\/wp\/v2\/pages\/990\/revisions\/992"}],"wp:attachment":[{"href":"https:\/\/ambiglobal.com\/web\/wp-json\/wp\/v2\/media?parent=990"}],"curies":[{"name":"wp","href":"https:\/\/api.w.org\/{rel}","templated":true}]}}